{"id":2024,"date":"2017-11-23T11:55:31","date_gmt":"2017-11-23T11:55:31","guid":{"rendered":"http:\/\/www.shopodoro.com\/apie\/"},"modified":"2019-01-27T15:54:22","modified_gmt":"2019-01-27T15:54:22","slug":"apie","status":"publish","type":"page","link":"https:\/\/www.shopodoro.com\/lt\/apie\/","title":{"rendered":"M\u016bs\u0173 istorija"},"content":{"rendered":"<p style=\"text-align: center;\"><img loading=\"lazy\" class=\"alignnone wp-image-2067 size-full\" src=\"http:\/\/www.shopodoro.com\/wp-content\/uploads\/2017\/11\/natural-soap-cosmetic-gift-set-baneris-about-2.png\" alt=\"\" width=\"1190\" height=\"569\" srcset=\"https:\/\/www.shopodoro.com\/wp-content\/uploads\/2017\/11\/natural-soap-cosmetic-gift-set-baneris-about-2.png 1190w, https:\/\/www.shopodoro.com\/wp-content\/uploads\/2017\/11\/natural-soap-cosmetic-gift-set-baneris-about-2-300x143.png 300w, https:\/\/www.shopodoro.com\/wp-content\/uploads\/2017\/11\/natural-soap-cosmetic-gift-set-baneris-about-2-768x367.png 768w, https:\/\/www.shopodoro.com\/wp-content\/uploads\/2017\/11\/natural-soap-cosmetic-gift-set-baneris-about-2-1024x490.png 1024w\" sizes=\"(max-width: 1190px) 100vw, 1190px\" \/><\/p>\n<p style=\"text-align: center;\">\/\/<\/p>\n<p style=\"text-align: center;\">Mes &#8211; trys seserys, jau\u010dian\u010dios nuolatin\u0119 aistr\u0105 dovanoti ir d\u017eiuginti kitus. Gera, kai tau \u0161ypsosi, pamojuoja, ar merkia ak\u012f. Dar smagiau, kai apkabina ir pakvie\u010dia puodelio kavos su gard\u017eiu pyragu. Visa tai &#8211; kasdienin\u0117s ma\u017eos dovan\u0117l\u0117s, i\u0161 j\u0173 susideda \u0161ilta draugyst\u0117, o \u0161ios smulkmenos mus daro ypatingai laimingus. Jei \u0161alia \u0161i\u0173 \u00a0miel\u0173 detali\u0173 dar nor\u0117t\u0173si nerealiai kruop\u0161\u010diai parinktos ir smulkmeni\u0161kai i\u0161dailintos dovanos, gerai, kad esi \u0161ioje SHOPODORO parduotuv\u0117je.<\/p>\n<p style=\"text-align: center;\">Mes &#8211; trys moterys, jau\u010dian\u010dios aistr\u0105 ir ypatingiems daiktams, ir stiliui. Tad pagelb\u0117ti i\u0161rinkti dovan\u0105 tavo mamai, sesei, su\u017ead\u0117tinei, \u017emonai, pusseserei, draugei, mo\u010diutei, tetulei, uo\u0161vienei ar anytai, mums bus daugiau nei malonumas. Prisimink, kad bet kada gali mums para\u0161yti ar paskambti pasitarti \u0161iuo klausimu, mes tam ir esame!<\/p>\n<p style=\"text-align: center;\">\/\/<\/p>\n<p style=\"text-align: center;\"><img loading=\"lazy\" class=\"wp-image-2333 size-full aligncenter\" src=\"http:\/\/www.shopodoro.com\/wp-content\/uploads\/2017\/11\/about-natural-cosmetics-naturali-kosmetika-ranku-darbo-muilas.jpg\" alt=\"\" width=\"1191\" height=\"92\" srcset=\"https:\/\/www.shopodoro.com\/wp-content\/uploads\/2017\/11\/about-natural-cosmetics-naturali-kosmetika-ranku-darbo-muilas.jpg 1191w, https:\/\/www.shopodoro.com\/wp-content\/uploads\/2017\/11\/about-natural-cosmetics-naturali-kosmetika-ranku-darbo-muilas-300x23.jpg 300w, https:\/\/www.shopodoro.com\/wp-content\/uploads\/2017\/11\/about-natural-cosmetics-naturali-kosmetika-ranku-darbo-muilas-768x59.jpg 768w, https:\/\/www.shopodoro.com\/wp-content\/uploads\/2017\/11\/about-natural-cosmetics-naturali-kosmetika-ranku-darbo-muilas-1024x79.jpg 1024w\" sizes=\"(max-width: 1191px) 100vw, 1191px\" \/><\/p>\n<p style=\"text-align: center;\"><img loading=\"lazy\" class=\"aligncenter wp-image-2335 size-full\" src=\"http:\/\/www.shopodoro.com\/wp-content\/uploads\/2017\/11\/about-natural-cosmetics-naturali-kosmetika-ranku-darbo-muilas-2.jpg\" alt=\"\" width=\"1191\" height=\"497\" srcset=\"https:\/\/www.shopodoro.com\/wp-content\/uploads\/2017\/11\/about-natural-cosmetics-naturali-kosmetika-ranku-darbo-muilas-2.jpg 1191w, https:\/\/www.shopodoro.com\/wp-content\/uploads\/2017\/11\/about-natural-cosmetics-naturali-kosmetika-ranku-darbo-muilas-2-300x125.jpg 300w, https:\/\/www.shopodoro.com\/wp-content\/uploads\/2017\/11\/about-natural-cosmetics-naturali-kosmetika-ranku-darbo-muilas-2-768x320.jpg 768w, https:\/\/www.shopodoro.com\/wp-content\/uploads\/2017\/11\/about-natural-cosmetics-naturali-kosmetika-ranku-darbo-muilas-2-1024x427.jpg 1024w\" sizes=\"(max-width: 1191px) 100vw, 1191px\" \/><\/p>\n<p>&nbsp;<\/p>\n<p style=\"text-align: center;\">Mes tikime, kad kiekvien\u0105 dien\u0105 naudojami produktai Tavo veido, k\u016bno ir plauk\u0173 puosel\u0117jimui turi b\u016bti tik 100 % nat\u016bral\u016bs, o kiekvienas ingredientas juose \u2013 atlikti savo funkcij\u0105, neb\u016bti beprasmis gra\u017eiai skambantis pavadinimas, kuris didina produkto apimt\u012f, bet ne veikim\u0105. Visos sudedamosios dalys turi b\u016bti aktyvios, o pats produktas &#8211; koncentruotas savo veikliosiomis med\u017eiagomis.<\/p>\n<p>&nbsp;<\/p>\n<p style=\"text-align: center;\"><img loading=\"lazy\" class=\"aligncenter wp-image-2337 size-full\" src=\"http:\/\/www.shopodoro.com\/wp-content\/uploads\/2017\/11\/about-natural-cosmetics-naturali-kosmetika-ranku-darbo-muilas-3.jpg\" alt=\"\" width=\"1190\" height=\"515\" srcset=\"https:\/\/www.shopodoro.com\/wp-content\/uploads\/2017\/11\/about-natural-cosmetics-naturali-kosmetika-ranku-darbo-muilas-3.jpg 1190w, https:\/\/www.shopodoro.com\/wp-content\/uploads\/2017\/11\/about-natural-cosmetics-naturali-kosmetika-ranku-darbo-muilas-3-300x130.jpg 300w, https:\/\/www.shopodoro.com\/wp-content\/uploads\/2017\/11\/about-natural-cosmetics-naturali-kosmetika-ranku-darbo-muilas-3-768x332.jpg 768w, https:\/\/www.shopodoro.com\/wp-content\/uploads\/2017\/11\/about-natural-cosmetics-naturali-kosmetika-ranku-darbo-muilas-3-1024x443.jpg 1024w\" sizes=\"(max-width: 1190px) 100vw, 1190px\" \/><\/p>\n<p>&nbsp;<\/p>\n<p style=\"text-align: center;\">Produktai gaminami ma\u017eais kiekiais ir da\u017enai \u2013 jau po u\u017esakymo \u2013 tod\u0117l galime u\u017etikrinti, kad Tu gausi pat\u012f \u0161vie\u017eiausi\u0105 ir<em> <strong>i\u0161skirtinai Tau pagamint\u0105<\/strong><\/em> k\u016bno \u0161veitikl\u012f, vonios burbul\u0105 ar veido pur\u0161kikl\u012f.<\/p>\n<p style=\"text-align: center;\">Mes bendradarbiaujame su jau daugel\u012f met\u0173 nat\u016bralius muilus ir k\u016bno prie\u017ei\u016bros priemones gaminan\u010dia \u012fmone Lietuvoje ir turime puiki\u0105 galimyb\u0119 atsirinkti produktus, kurie 100 % atitinka m\u016bs\u0173 vizij\u0105.<\/p>\n<p style=\"text-align: center;\">\/\/<\/p>\n","protected":false},"excerpt":{"rendered":"<p>\/\/ Mes &#8211; trys seserys, jau\u010dian\u010dios nuolatin\u0119 aistr\u0105 dovanoti ir d\u017eiuginti kitus. Gera, kai tau \u0161ypsosi, pamojuoja, ar merkia ak\u012f. Dar smagiau, kai apkabina ir pakvie\u010dia puodelio kavos su gard\u017eiu pyragu. Visa tai &#8211; kasdienin\u0117s ma\u017eos dovan\u0117l\u0117s, i\u0161 j\u0173 susideda \u0161ilta draugyst\u0117, o \u0161ios smulkmenos mus daro ypatingai laimingus. Jei \u0161alia \u0161i\u0173 \u00a0miel\u0173 detali\u0173 dar nor\u0117t\u0173si nerealiai kruop\u0161\u010diai parinktos ir smulkmeni\u0161kai i\u0161dailintos dovanos, gerai, kad esi \u0161ioje SHOPODORO parduotuv\u0117je. Mes &#8211; trys moterys, jau\u010dian\u010dios aistr\u0105&hellip;<\/p>\n","protected":false},"author":1,"featured_media":0,"parent":0,"menu_order":0,"comment_status":"closed","ping_status":"closed","template":"","meta":[],"yoast_head":"<!-- This site is optimized with the Yoast SEO plugin v15.7 - https:\/\/yoast.com\/wordpress\/plugins\/seo\/ -->\n<meta name=\"robots\" content=\"index, follow, max-snippet:-1, max-image-preview:large, max-video-preview:-1\" \/>\n<link rel=\"canonical\" href=\"https:\/\/www.shopodoro.com\/lt\/apie\/\" \/>\n<meta property=\"og:locale\" content=\"lt_LT\" \/>\n<meta property=\"og:type\" content=\"article\" \/>\n<meta property=\"og:title\" content=\"M\u016bs\u0173 istorija - SHOPODORO\" \/>\n<meta property=\"og:description\" content=\"\/\/ Mes &#8211; trys seserys, jau\u010dian\u010dios nuolatin\u0119 aistr\u0105 dovanoti ir d\u017eiuginti kitus. Gera, kai tau \u0161ypsosi, pamojuoja, ar merkia ak\u012f. Dar smagiau, kai apkabina ir pakvie\u010dia puodelio kavos su gard\u017eiu pyragu. Visa tai &#8211; kasdienin\u0117s ma\u017eos dovan\u0117l\u0117s, i\u0161 j\u0173 susideda \u0161ilta draugyst\u0117, o \u0161ios smulkmenos mus daro ypatingai laimingus. Jei \u0161alia \u0161i\u0173 \u00a0miel\u0173 detali\u0173 dar nor\u0117t\u0173si nerealiai kruop\u0161\u010diai parinktos ir smulkmeni\u0161kai i\u0161dailintos dovanos, gerai, kad esi \u0161ioje SHOPODORO parduotuv\u0117je. Mes &#8211; trys moterys, jau\u010dian\u010dios aistr\u0105&hellip;\" \/>\n<meta property=\"og:url\" content=\"https:\/\/www.shopodoro.com\/lt\/apie\/\" \/>\n<meta property=\"og:site_name\" content=\"SHOPODORO\" \/>\n<meta property=\"article:modified_time\" content=\"2019-01-27T15:54:22+00:00\" \/>\n<meta property=\"og:image\" content=\"http:\/\/www.shopodoro.com\/wp-content\/uploads\/2017\/11\/natural-soap-cosmetic-gift-set-baneris-about-2.png\" \/>\n<meta name=\"twitter:card\" content=\"summary_large_image\" \/>\n<meta name=\"twitter:label1\" content=\"Est. reading time\">\n\t<meta name=\"twitter:data1\" content=\"1 minute\">\n<script type=\"application\/ld+json\" class=\"yoast-schema-graph\">{\"@context\":\"https:\/\/schema.org\",\"@graph\":[{\"@type\":\"WebSite\",\"@id\":\"https:\/\/www.shopodoro.com\/#website\",\"url\":\"https:\/\/www.shopodoro.com\/\",\"name\":\"SHOPODORO\",\"description\":\"Natural Skin Care and Accessories\",\"potentialAction\":[{\"@type\":\"SearchAction\",\"target\":\"https:\/\/www.shopodoro.com\/?s={search_term_string}\",\"query-input\":\"required name=search_term_string\"}],\"inLanguage\":\"lt-LT\"},{\"@type\":\"ImageObject\",\"@id\":\"https:\/\/www.shopodoro.com\/lt\/apie\/#primaryimage\",\"inLanguage\":\"lt-LT\",\"url\":\"http:\/\/www.shopodoro.com\/wp-content\/uploads\/2017\/11\/natural-soap-cosmetic-gift-set-baneris-about-2.png\"},{\"@type\":\"WebPage\",\"@id\":\"https:\/\/www.shopodoro.com\/lt\/apie\/#webpage\",\"url\":\"https:\/\/www.shopodoro.com\/lt\/apie\/\",\"name\":\"M\\u016bs\\u0173 istorija - SHOPODORO\",\"isPartOf\":{\"@id\":\"https:\/\/www.shopodoro.com\/#website\"},\"primaryImageOfPage\":{\"@id\":\"https:\/\/www.shopodoro.com\/lt\/apie\/#primaryimage\"},\"datePublished\":\"2017-11-23T11:55:31+00:00\",\"dateModified\":\"2019-01-27T15:54:22+00:00\",\"inLanguage\":\"lt-LT\",\"potentialAction\":[{\"@type\":\"ReadAction\",\"target\":[\"https:\/\/www.shopodoro.com\/lt\/apie\/\"]}]}]}<\/script>\n<!-- \/ Yoast SEO plugin. -->","_links":{"self":[{"href":"https:\/\/www.shopodoro.com\/lt\/wp-json\/wp\/v2\/pages\/2024"}],"collection":[{"href":"https:\/\/www.shopodoro.com\/lt\/wp-json\/wp\/v2\/pages"}],"about":[{"href":"https:\/\/www.shopodoro.com\/lt\/wp-json\/wp\/v2\/types\/page"}],"author":[{"embeddable":true,"href":"https:\/\/www.shopodoro.com\/lt\/wp-json\/wp\/v2\/users\/1"}],"replies":[{"embeddable":true,"href":"https:\/\/www.shopodoro.com\/lt\/wp-json\/wp\/v2\/comments?post=2024"}],"version-history":[{"count":21,"href":"https:\/\/www.shopodoro.com\/lt\/wp-json\/wp\/v2\/pages\/2024\/revisions"}],"predecessor-version":[{"id":2472,"href":"https:\/\/www.shopodoro.com\/lt\/wp-json\/wp\/v2\/pages\/2024\/revisions\/2472"}],"wp:attachment":[{"href":"https:\/\/www.shopodoro.com\/lt\/wp-json\/wp\/v2\/media?parent=2024"}],"curies":[{"name":"wp","href":"https:\/\/api.w.org\/{rel}","templated":true}]}}