{"id":2115,"date":"2017-11-25T06:18:56","date_gmt":"2017-11-25T06:18:56","guid":{"rendered":"http:\/\/www.shopodoro.com\/pirkimo-taisykles\/"},"modified":"2017-11-25T06:28:36","modified_gmt":"2017-11-25T06:28:36","slug":"pirkimo-taisykles","status":"publish","type":"page","link":"https:\/\/www.shopodoro.com\/lt\/pirkimo-taisykles\/","title":{"rendered":"Pirkimo taisykl\u0117s"},"content":{"rendered":"<p>PREKI\u0172 PIRKIMO TAISYKL\u0116S<\/p>\n<p>&nbsp;<\/p>\n<p>&#8212;&#8211;<\/p>\n<p>&nbsp;<\/p>\n<ol>\n<li>BENDROSIOS NUOSTATOS<\/li>\n<\/ol>\n<p>&nbsp;<\/p>\n<p>1.1. \u0160ios preki\u0173 pirkimo \u2013 pardavimo taisykl\u0117s (toliau \u201eTaisykl\u0117s\u201c) yra \u0161alims privalomas teisinis dokumentas, kuriame nustatomos Pirk\u0117jo ir Pardav\u0117jo teis\u0117s bei pareigos, preki\u0173 \u012fsigijimo bei apmok\u0117jimo u\u017e jas s\u0105lygos, preki\u0173 pristatymo ir gr\u0105\u017einimo tvarka, \u0161ali\u0173 atsakomyb\u0117 bei kitos su preki\u0173 pirkimu \u2013 pardavimu internetin\u0117je parduotuv\u0117je www.shopodoro.com susijusios nuostatos.<\/p>\n<p>1.2. Pirkti internetin\u0117je parduotuv\u0117je www.shopodoro.com gali visi juridiniai ir fiziniai asmenys sulauk\u0119 pilnametyst\u0117s, kuri\u0173 veiksnumas n\u0117ra apribotas teismo tvarka bei nepilname\u010diai nuo 14 iki 18 met\u0173 am\u017eiaus, turintys t\u0117v\u0173 arba r\u016bpintoj\u0173 sutikim\u0105, i\u0161skyrus tuos atvejus, kai jie savaranki\u0161kai disponuoja savo pajamomis.<\/p>\n<p>1.3. Pirk\u0117jas, pateikdamas u\u017esakym\u0105 patvirtina, kad sutinka su apra\u0161ytomis preki\u0173 pirkimo taisykl\u0117mis ir pagal 1. 2. punkt\u0105 turi teis\u0119 pirkti prekes el. parduotuv\u0117je.<\/p>\n<p>1.4. Sutartis tarp Pirk\u0117jo ir Pardav\u0117jo laikoma sudaryta nuo to momento, kai Pirk\u0117jas el. parduotuv\u0117je suformav\u0119s preki\u0173 krep\u0161el\u012f, nurod\u0119s pristatymo adres\u0105, pasirink\u0119s atsiskaitymo b\u016bd\u0105 ir susipa\u017ein\u0119s su Pardav\u0117jo taisykl\u0117mis, paspaud\u017eia mygtuk\u0105 \u201eU\u017esakyti\u201c.<\/p>\n<p>1.5. Pirk\u0117jas ir Pardav\u0117jas susitaria, kad Pirk\u0117jui pateikus prek\u0117s u\u017esakym\u0105 ir Pardav\u0117jui j\u012f patvirtinus, prek\u0117s kaina nesikeis, nebent Pirk\u0117jas pateik\u0117 klaiding\u0105 u\u017esakym\u0105, pavyzd\u017eiui prisitaik\u0117 studenti\u0161k\u0105 10% nuolaid\u0105 u\u017esakymui, ta\u010diau nepateik\u0117 studento pa\u017eym\u0117jimo, kaip to reikalauja pasi\u016blymo s\u0105lygos arba prisitaik\u0117 dvigub\u0105 nuolaid\u0105 u\u017esakymui, nors akcijos\/pasi\u016blymo s\u0105lygose papildoma nuolaida n\u0117ra galima. \u0160iais atvejais laikoma, kad d\u0117l pirk\u0117jo arba informacini\u0173 sistem\u0173 technin\u0117s klaidos, buvo sudaryta klaidinga sutartis, kuri\u0105 Pardav\u0117jas turi teis\u0119 nutraukti, apie tai informuojamas Pirk\u0117j\u0105. Nutraukus sutart\u012f, Pardav\u0117jas \u012fsipareigoja gr\u0105\u017einti sumok\u0117tus pinigus, ta\u010diau n\u0117ra atsakingas u\u017e kitus Pirk\u0117jo nuostolius, susijusius su pirkimo-pardavimo sutarties nutraukimu.<\/p>\n<p>1.6. Pirk\u0117jas, patvirtindamas Taisykles, sutinka, kad preki\u0173 pirkimo dokumentai \u2013 PVM s\u0105skaitos fakt\u016bros b\u016bt\u0173 pateikiamos elektroniniu b\u016bdu skiltyje &#8220;U\u017esakymai&#8221; arba siun\u010diamos pirk\u0117jo nurodytu el. pa\u0161tu. PVM s\u0105skaitos fakt\u016bros auk\u0161\u010diau nurodyta forma pateikiamos Pirk\u0117jui ne v\u0117liau kaip iki preki\u0173 perdavimo jam momento. Klientui pateiktoje s\u0105skaitose nurodomos pasirinktos prek\u0117s, j\u0173 kiekis, suteikiamos nuolaidos, galutin\u0117 preki\u0173 kaina, \u012fskaitant visus mokes\u010dius, pristatymo mokes\u010diai ir kiti remiantis buhalterin\u0119 apskait\u0105 reglamentuojan\u010diais teis\u0117s aktais b\u016btini pateikti duomenys.<\/p>\n<p>&nbsp;<\/p>\n<ol start=\"2\">\n<li>ASMENS DUOMEN\u0172 APSAUGA<\/li>\n<\/ol>\n<p>&nbsp;<\/p>\n<p>2.1. U\u017esisakant prekes internetin\u0117je parduotuv\u0117je www.shopodoro.com, pirk\u0117jas privalo pateikti registracijos metu pra\u0161omus duomenis.<\/p>\n<p>2.2. Pirk\u0117jas yra atsakingas u\u017e teising\u0173 duomen\u0173 registracijos metu pateikim\u0105.<\/p>\n<p>2.3. Pateikdamas u\u017esakym\u0105 pirk\u0117jas sutinka kad jo pateikti asmens duomenys b\u016bt\u0173 tvarkomi u\u017esakym\u0173 kontrol\u0117s ir veiklos analiz\u0117s tikslais. Pirk\u0117jas taip pat sutinka, kad Pirk\u0117jo nurodytu el. pa\u0161to adresu arba telefono numeriu b\u016bt\u0173 siun\u010diami informaciniai prane\u0161imai, b\u016btini preki\u0173 u\u017esakymui \u012fvykdyti.<\/p>\n<p>2.4. Pirk\u0117jas, u\u017esiregistruodamas el. parduotuv\u0117je bei u\u017esakydamas prekes, \u012fsipareigoja saugoti ir niekam neatskleisti prisijungimo duomen\u0173.<\/p>\n<p>2.5. Pardav\u0117jas \u012fsipareigoja neatskleisti Pirk\u0117jo asmens duomen\u0173 tretiesiems asmenims i\u0161skyrus atvejus LR teis\u0117s akt\u0173 numatyta tvarka.<\/p>\n<p>&nbsp;<\/p>\n<ol start=\"3\">\n<li>PIRK\u0116JO TEIS\u0116S IR \u012eSIPAREIGOJIMAI<\/li>\n<\/ol>\n<p>&nbsp;<\/p>\n<p>3.1. Pirk\u0117jas turi teis\u0119 pirkti prekes internetin\u0117je parduotuv\u0117je www.shopodoro.com \u0161i\u0173 Taisykli\u0173 ir kitose el. parduotuv\u0117s informacijos skiltyse nustatyta tvarka.<\/p>\n<p>3.2. Pirk\u0117jas turi teis\u0119 atsisakyti preki\u0173 pirkimo \u2013 pardavimo sutarties prane\u0161damas Pardav\u0117jui apie tai el. pa\u0161tu arba telefonu.<\/p>\n<p>3.3. Pirk\u0117jas \u012fsipareigoja priimti u\u017esakytas prekes ir u\u017e jas sumok\u0117ti sutart\u0105 kain\u0105.<\/p>\n<p>3.4. Jeigu pasikei\u010dia Pirk\u0117jo duomenys, pateikti registracijos formoje, Pirk\u0117jas privalo juos nedelsiant atnaujinti.<\/p>\n<p>3.5. Pirk\u0117jas \u012fsipareigoja neperduoti tretiesiems asmenims savo prisijungimo duomen\u0173. O prarad\u0119s prisijungimo duomenis, privalo nedelsiant informuoti apie tai Pardav\u0117j\u0105.<\/p>\n<p>3.6. Pirk\u0117jas pateikdamas u\u017esakym\u0105 internetin\u0117je parduotuv\u0117je www.shopodoro.com sutinka su \u0161iomis pirkimo &#8211; pardavimo Taisykl\u0117mis ir \u012fsipareigoja j\u0173 laikytis bei nepa\u017eeisti LR teis\u0117s akt\u0173.<\/p>\n<p>&nbsp;<\/p>\n<ol start=\"4\">\n<li>PARDAV\u0116JO TEIS\u0116S IR \u012eSIPAREIGOJIMAI<\/li>\n<\/ol>\n<p>&nbsp;<\/p>\n<p>4.1. Pardav\u0117jas \u012fsipareigoja sudaryti visas s\u0105lygas Pirk\u0117jui tinkamai naudotis internetin\u0117s parduotuv\u0117s www.shopodoro.com teikiamomis paslaugomis.<\/p>\n<p>4.2. Jei Pirk\u0117jas bando pakenkti internetin\u0117s parduotuv\u0117s darbo stabilumui ir saugumui ar pa\u017eeid\u017eia savo \u012fsipareigojimus, Pardav\u0117jas turi teis\u0119 nedelsiant ir be persp\u0117jimo apriboti, sustabdyti ar panaikinti Pirk\u0117jo galimyb\u0119 naudotis internetine parduotuve.<\/p>\n<p>4.3. Pardav\u0117jas \u012fsipareigoja gerbti Pirk\u0117jo privatumo teis\u0119 \u012f Pirk\u0117jo priklausan\u010di\u0105 asmenin\u0119 informacij\u0105, nurodyt\u0105 registracijos formoje ir neperleisi jos tretiesiems asmenims.<\/p>\n<p>4.4. Pardav\u0117jas \u012fsipareigoja pristatyti Pirk\u0117jo u\u017esakytas prekes Pirk\u0117jo nurodytu adresu.<\/p>\n<p>&nbsp;<\/p>\n<ol start=\"5\">\n<li>PREKI\u0172 U\u017dSAKYMAS, KAINOS, ATSISKAITYMO TVARKA, TERMINAI<\/li>\n<\/ol>\n<p>&nbsp;<\/p>\n<p>5.1. Internetin\u0117je parduotuv\u0117je Pirk\u0117jas internetu gali pirkti 7 dienas per savait\u0119, 24 val. per par\u0105. U\u017esakymai telefonu, el. pa\u0161tu priimami nustatytomis darbo valandomis, kurie nurodyti puslapio kontakt\u0173 skiltyje.<\/p>\n<p>5.2. Sutartis laikoma \u012fsigaliojusia, kai Pirk\u0117jas paspaud\u017eia mygtuk\u0105 \u201eU\u017esakyti\u201c, o gav\u0119s u\u017esakym\u0105 Pardav\u0117jas j\u012f patvirtina atsi\u0173sdamas patvirtinimo lai\u0161k\u0105 Pirk\u0117jo nurodytu el. pa\u0161tu ar kitu sutartu b\u016bdu.<\/p>\n<p>5.3. Visos preki\u0173 kainos internetin\u0117je parduotuv\u0117je nurodytos eurais, \u012fskaitant PVM.<\/p>\n<p>5.4. Pirk\u0117jas atsiskaityti u\u017e prekes gali naudojantis el. bankininkyst\u0117s sistema. Pinigus Pirk\u0117jas perveda \u012f nurodytas atsiskaitom\u0105sias s\u0105skaitas. Atsakomyb\u0117 u\u017e duomen\u0173 saugum\u0105 \u0161iuo atveju tenka atitinkamam bankui, kurio el. bankininkyst\u0117s sistemoje vyksta pinigin\u0117s operacijos. Arba atsiskaitydamas banko pavedimu, kai Pirk\u0117jas, atsispausdin\u0119s u\u017esakym\u0105 ir nu\u0117j\u0119s \u012f artimiausi\u0105 banko skyri\u0173, perveda pinigus \u012f el. parduotuv\u0117s banko s\u0105skait\u0105. Taip pat galima apmok\u0117ti naudojantis PayPal i\u0161ankstinio apmok\u0117jimo sistema. Atsiskaitant \u0161iuo b\u016bdu atsakomyb\u0117 u\u017e duomen\u0173 saugum\u0105 tenka Paypal sistemos administratoriui.<\/p>\n<p>5.5. Pirk\u0117jas \u012fsipareigoja apmok\u0117ti u\u017esakym\u0105 per 3 d.d. nuo u\u017esakymo patvirtinimo dienos. Siuntinys pradedamas ruo\u0161ti tik gavus apmok\u0117jim\u0105 u\u017e prekes.<\/p>\n<p>5.6. Pirk\u0117jui ne\u012fvykd\u017eius mok\u0117jimo per 3 d.d. arba pervedus tik dal\u012f pinig\u0173, u\u017esakymas yra at\u0161aukiamas. Jei pinigai buvo pervesti \u012f SHOPODORO atsiskaitom\u0105sias s\u0105skaitas, 14 dien\u0173 b\u0117gyje jie yra pervedami atgal pirk\u0117jui.<\/p>\n<p>5.7. Klientui \u012fsigijus dovan\u0173 kupon\u0105 ir jo per kupone numatyt\u0105 termin\u0105 nepanaudojus, laikoma, kad kuponas yra panaudotas.<\/p>\n<p>&nbsp;<\/p>\n<ol start=\"6\">\n<li>PREKI\u0172 PRISTATYMAS<\/li>\n<\/ol>\n<p>&nbsp;<\/p>\n<p>6.1. Pirk\u0117jas, u\u017esakymo metu pasirink\u0119s preki\u0173 pristatymo paslaug\u0105, \u012fsipareigoja nurodyti tiksli\u0105 preki\u0173 pristatymo viet\u0105.<\/p>\n<p>6.2. Pirk\u0117jas \u012fsipareigoja prekes priimti pats. Tuo atveju, jei Pirk\u0117jas preki\u0173 pats priimti negali, o prek\u0117s pristatytos nurodytu adresu, Pirk\u0117jas neturi teis\u0117s reik\u0161ti Pardav\u0117jui pretenzij\u0173 d\u0117l preki\u0173 pristatymo netinkamam subjektui.<\/p>\n<p>6.3. Prekes pristato Pardav\u0117jo \u012fgaliotas atstovas (kurjeris) arba Pirk\u0117jas atsiima artimiausiame pa\u0161to skyriuje.<\/p>\n<p>6.4. Pardav\u0117jas pristato Pirk\u0117jui prekes vadovaudamasis preki\u0173 apra\u0161ymuose nurodytais terminais. I\u0161imtiniais atvejais preki\u0173 pateikimas gali v\u0117luoti d\u0117l nenumatyt\u0173, nuo Pardav\u0117jo nepriklausan\u010di\u0173 aplinkybi\u0173. Tokiu atveju Pardav\u0117jas \u012fsipareigoja nedelsiant susisiekti su Pirk\u0117ju ir suderinti preki\u0173 pristatymo s\u0105lygas.<\/p>\n<p>6.5. Visais atvejais Pardav\u0117jas atleid\u017eiamas nuo atsakomyb\u0117s u\u017e preki\u0173 pristatymo termin\u0173 pa\u017eeidim\u0105, jeigu prek\u0117s Pirk\u0117jui n\u0117ra pristatytos arba pristatomos ne laiku d\u0117l Pirk\u0117jo kalt\u0117s arba d\u0117l nuo Pardav\u0117jo nepriklausan\u010di\u0173 aplinkybi\u0173.<\/p>\n<p>6.6. Pirk\u0117jas privalo nedelsiant informuoti Pardav\u0117j\u0105, jeigu siunta pateikiama sulamdytoje arba kitu b\u016bdu pa\u017eeistoje pakuot\u0117je, jeigu siuntoje gautos neu\u017esakytos prek\u0117s arba netinkamas j\u0173 kiekis, nepilna prek\u0117s komplektacija.<\/p>\n<p>6.7. Pirk\u0117jas pristatymo metu pasteb\u0117j\u0119s pakuot\u0117s pa\u017eeidimus privalo apie tai informuoti Pardav\u0117j\u0105.<\/p>\n<p>&nbsp;<\/p>\n<ol start=\"7\">\n<li>PREKI\u0172 KOKYB\u0116S GARANTIJOS<\/li>\n<\/ol>\n<p>&nbsp;<\/p>\n<p>7.1. Visi internetin\u0117je parduotuv\u0117je www.shopodoro.com parduodam\u0173 preki\u0173 duomenys nurodomi prie kiekvienos prek\u0117s esan\u010diame prek\u0117s apra\u0161yme.<\/p>\n<p>7.2. Visoms prek\u0117ms, kuri\u0173 kategorijai ar apra\u0161yme n\u0117ra nurodyta garantija, suteikiama 30 d. kokyb\u0117s garantija nuo \u0161ios prek\u0117s \u012fsigijimo dienos.<\/p>\n<p>7.3. Pardav\u0117jas neatsako jei parduotuv\u0117je esan\u010di\u0173 preki\u0173 spalva, forma ar kiti parametrai neatitinka realaus preki\u0173 dyd\u017eio, form\u0173 ir spalv\u0173 d\u0117l Pirk\u0117jo naudojamo vaizduoklio ypatybi\u0173.<\/p>\n<p>&nbsp;<\/p>\n<ol start=\"8\">\n<li>PREKI\u0172 GR\u0104\u017dINIMAS IR KEITIMAS<\/li>\n<\/ol>\n<p>&nbsp;<\/p>\n<p>8.1. Preki\u0173 gr\u0105\u017einimas vyksta vadovaujantis LR \u016bkio ministro 2001 m. bir\u017eelio 29 d. \u012fsakymu Nr. 217 \u201eD\u0117l Daikt\u0173 gr\u0105\u017einimo ir keitimo taisykli\u0173 patvirtinimo\u201c ir 2013 m. gruod\u017eio 19 d. civilinio kodekso pakeitimo ir papildymo istatymu nr. XII-700.<\/p>\n<p>8.2. Pirk\u0117jas gr\u0105\u017einamas prekes turi i\u0161si\u0173sti Lietuvos pa\u0161to registruota siunta. Kokybi\u0161kas gr\u0105\u017einam\u0173 arba kei\u010diam\u0173 preki\u0173 pa\u0161to i\u0161laidas apmoka pats pirk\u0117jas.<\/p>\n<p>8.3. Nor\u0117damas gr\u0105\u017einti kokybi\u0161k\u0105 prek\u0119(-es), Pirk\u0117jas gali tai padaryti per keturiolika dien\u0173 nuo preki\u0173 pristatymo Pirk\u0117jui dienos, informuodamas Pardav\u0117j\u0105 el. pa\u0161tu ir u\u017epildydamas speciali\u0105 preki\u0173 keitimo \u2013 gr\u0105\u017einimo form\u0105.<\/p>\n<p>8.4. Gr\u0105\u017einama kokybi\u0161ka prek\u0117 turi b\u016bti originalioje tvarkingoje pakuot\u0117je, nesugadinta, nenaudota, tos pa\u010dios komplektacijos, kokios Pirk\u0117jas j\u0105 gavo, nepraradusi prekin\u0117s i\u0161vaizdos (nepa\u017eeistos etiket\u0117s, nenupl\u0117\u0161tos apsaugin\u0117s pl\u0117vel\u0117s ir kt.). \u0160alys susitaria, kad prek\u0117s pakuot\u0117s i\u0161vaizdos pakeitimai, kurie buvo b\u016btini, norint ap\u017ei\u016br\u0117ti prek\u0119, nebus laikomi esminiais i\u0161vaizdos pakeitimais.<\/p>\n<p>8.5. Pardav\u0117jas turi teis\u0119 nepriimti Pirk\u0117jo gr\u0105\u017einam\u0173 preki\u0173, jei Pirk\u0117jas nesilaiko 8.3. punkte nustatytos preki\u0173 gr\u0105\u017einimo tvarkos.<\/p>\n<p>8.6. Gr\u0105\u017einant gaut\u0105 ne t\u0105 prek\u0119 ir\/ar nekokybi\u0161k\u0105 prek\u0119, Pardav\u0117jas \u012fsipareigoja priimti tokias prekes ir jas pakeisti analogi\u0161komis tinkamomis prek\u0117mis.<\/p>\n<p>8.7. Tuo atveju, kai Pardav\u0117jas neturi pakeitimui tinkam\u0173 preki\u0173, Pirk\u0117jui gr\u0105\u017einama sumok\u0117ta suma, \u012fskaitant ir kaina u\u017e pristatym\u0105.<\/p>\n<p>8.8. Jeigu u\u017e prek\u0119 Pirk\u0117jas mok\u0117jo dovan\u0173 kuponu, tai gr\u0105\u017einamas kuponas bei papildomai sumok\u0117ta suma.<\/p>\n<p>8.9. Jeigu Pirk\u0117jas gr\u0105\u017eina prek\u0119, pirkt\u0105 akcijos metu, gr\u0105\u017einama u\u017e prek\u0119 sumok\u0117ta suma su galiojusia nuolaida.<\/p>\n<p>8.1o. Klientas sutinka, kad atsiskaitydamas grynaisiais pinigiais preki\u0173 pristatymo metu ir nusprend\u0119s gr\u0105\u017einti prek\u0119, pinigiai jam bus gr\u0105\u017einti \u012f nurodyt\u0105 banko s\u0105skait\u0105.<\/p>\n<p>&nbsp;<\/p>\n<ol start=\"9\">\n<li>RINKODARA IR INFORMACIJA<\/li>\n<\/ol>\n<p>&nbsp;<\/p>\n<p>10.1. Pardav\u0117jas internetin\u0117je parduotuv\u0117je www.shopodoro.com gali organizuoti \u012fvairias akcijas ir pasi\u016blymus.<\/p>\n<p>10.2. Pardav\u0117jas turi teis\u0119 viena\u0161ali\u0161kai, be atskiro \u012fsp\u0117jimo, pakeisti akcij\u0173 s\u0105lygas, taip pat jas panaikinti. Bet koks akcij\u0173 s\u0105lyg\u0173 ir tvarkos pakeitimas ar panaikinimas galioja nuo j\u0173 pakeitimo ar panaikinimo momento.<\/p>\n<p>10.3. Pardav\u0117jas visus prane\u0161imus siun\u010dia Pirk\u0117jo registracijos formoje nurodytomis susisiekimo priemon\u0117mis.<\/p>\n<p>10.4. Pirk\u0117jas visus prane\u0161imus ir klausimus siun\u010dia Pardav\u0117jo el. parduotuv\u0117s skyriuje \u201eKontaktai\u201c nurodytais telefonais ir el. pa\u0161to adresais.<\/p>\n<p>10.5. Pardav\u0117jas neatsako, jei Pirk\u0117jas negauna siun\u010diam\u0173 informacini\u0173 ar patvirtinan\u010di\u0173 prane\u0161im\u0173 d\u0117l internetinio ry\u0161io, elektroninio pa\u0161to paslaug\u0173 tiek\u0117j\u0173 tinkl\u0173 sutrikim\u0173 ar Pirk\u0117jo neteisingai nurodyt\u0173 duomen\u0173.<\/p>\n<p>&nbsp;<\/p>\n<ol start=\"10\">\n<li>BAIGIAMOSIOS NUOSTATOS<\/li>\n<\/ol>\n<p>&nbsp;<\/p>\n<p>11.1. \u0160ios preki\u0173 pirkimo \u2013 pardavimo Taisykl\u0117s sudarytos vadovaujantis LR \u012fstatymais ir teis\u0117s aktais.<\/p>\n<p>11.2. Visi nesutarimai, kil\u0119 d\u0117l \u0161i\u0173 Taisykli\u0173 vykdymo, sprend\u017eiami deryb\u0173 b\u016bdu. Nepavykus susitarti, gin\u010dai sprend\u017eiami LR \u012fstatym\u0173 nustatyta tvarka.<\/p>\n","protected":false},"excerpt":{"rendered":"<p>PREKI\u0172 PIRKIMO TAISYKL\u0116S &nbsp; &#8212;&#8211; &nbsp; BENDROSIOS NUOSTATOS &nbsp; 1.1. \u0160ios preki\u0173 pirkimo \u2013 pardavimo taisykl\u0117s (toliau \u201eTaisykl\u0117s\u201c) yra \u0161alims privalomas teisinis dokumentas, kuriame nustatomos Pirk\u0117jo ir Pardav\u0117jo teis\u0117s bei pareigos, preki\u0173 \u012fsigijimo bei apmok\u0117jimo u\u017e jas s\u0105lygos, preki\u0173 pristatymo ir gr\u0105\u017einimo tvarka, \u0161ali\u0173 atsakomyb\u0117 bei kitos su preki\u0173 pirkimu \u2013 pardavimu internetin\u0117je parduotuv\u0117je www.shopodoro.com susijusios nuostatos. 1.2. Pirkti internetin\u0117je parduotuv\u0117je www.shopodoro.com gali visi juridiniai ir fiziniai asmenys sulauk\u0119 pilnametyst\u0117s, kuri\u0173 veiksnumas n\u0117ra apribotas teismo&hellip;<\/p>\n","protected":false},"author":1,"featured_media":0,"parent":0,"menu_order":0,"comment_status":"closed","ping_status":"closed","template":"","meta":[],"yoast_head":"<!-- This site is optimized with the Yoast SEO plugin v15.7 - https:\/\/yoast.com\/wordpress\/plugins\/seo\/ -->\n<meta name=\"robots\" content=\"index, follow, max-snippet:-1, max-image-preview:large, max-video-preview:-1\" \/>\n<link rel=\"canonical\" href=\"https:\/\/www.shopodoro.com\/lt\/pirkimo-taisykles\/\" \/>\n<meta property=\"og:locale\" content=\"lt_LT\" \/>\n<meta property=\"og:type\" content=\"article\" \/>\n<meta property=\"og:title\" content=\"Pirkimo taisykl\u0117s - SHOPODORO\" \/>\n<meta property=\"og:description\" content=\"PREKI\u0172 PIRKIMO TAISYKL\u0116S &nbsp; &#8212;&#8211; &nbsp; BENDROSIOS NUOSTATOS &nbsp; 1.1. \u0160ios preki\u0173 pirkimo \u2013 pardavimo taisykl\u0117s (toliau \u201eTaisykl\u0117s\u201c) yra \u0161alims privalomas teisinis dokumentas, kuriame nustatomos Pirk\u0117jo ir Pardav\u0117jo teis\u0117s bei pareigos, preki\u0173 \u012fsigijimo bei apmok\u0117jimo u\u017e jas s\u0105lygos, preki\u0173 pristatymo ir gr\u0105\u017einimo tvarka, \u0161ali\u0173 atsakomyb\u0117 bei kitos su preki\u0173 pirkimu \u2013 pardavimu internetin\u0117je parduotuv\u0117je www.shopodoro.com susijusios nuostatos. 1.2. Pirkti internetin\u0117je parduotuv\u0117je www.shopodoro.com gali visi juridiniai ir fiziniai asmenys sulauk\u0119 pilnametyst\u0117s, kuri\u0173 veiksnumas n\u0117ra apribotas teismo&hellip;\" \/>\n<meta property=\"og:url\" content=\"https:\/\/www.shopodoro.com\/lt\/pirkimo-taisykles\/\" \/>\n<meta property=\"og:site_name\" content=\"SHOPODORO\" \/>\n<meta property=\"article:modified_time\" content=\"2017-11-25T06:28:36+00:00\" \/>\n<meta name=\"twitter:card\" content=\"summary_large_image\" \/>\n<meta name=\"twitter:label1\" content=\"Est. reading time\">\n\t<meta name=\"twitter:data1\" content=\"9 minutes\">\n<script type=\"application\/ld+json\" class=\"yoast-schema-graph\">{\"@context\":\"https:\/\/schema.org\",\"@graph\":[{\"@type\":\"WebSite\",\"@id\":\"https:\/\/www.shopodoro.com\/#website\",\"url\":\"https:\/\/www.shopodoro.com\/\",\"name\":\"SHOPODORO\",\"description\":\"Natural Skin Care and Accessories\",\"potentialAction\":[{\"@type\":\"SearchAction\",\"target\":\"https:\/\/www.shopodoro.com\/?s={search_term_string}\",\"query-input\":\"required name=search_term_string\"}],\"inLanguage\":\"lt-LT\"},{\"@type\":\"WebPage\",\"@id\":\"https:\/\/www.shopodoro.com\/lt\/pirkimo-taisykles\/#webpage\",\"url\":\"https:\/\/www.shopodoro.com\/lt\/pirkimo-taisykles\/\",\"name\":\"Pirkimo taisykl\\u0117s - SHOPODORO\",\"isPartOf\":{\"@id\":\"https:\/\/www.shopodoro.com\/#website\"},\"datePublished\":\"2017-11-25T06:18:56+00:00\",\"dateModified\":\"2017-11-25T06:28:36+00:00\",\"inLanguage\":\"lt-LT\",\"potentialAction\":[{\"@type\":\"ReadAction\",\"target\":[\"https:\/\/www.shopodoro.com\/lt\/pirkimo-taisykles\/\"]}]}]}<\/script>\n<!-- \/ Yoast SEO plugin. -->","_links":{"self":[{"href":"https:\/\/www.shopodoro.com\/lt\/wp-json\/wp\/v2\/pages\/2115"}],"collection":[{"href":"https:\/\/www.shopodoro.com\/lt\/wp-json\/wp\/v2\/pages"}],"about":[{"href":"https:\/\/www.shopodoro.com\/lt\/wp-json\/wp\/v2\/types\/page"}],"author":[{"embeddable":true,"href":"https:\/\/www.shopodoro.com\/lt\/wp-json\/wp\/v2\/users\/1"}],"replies":[{"embeddable":true,"href":"https:\/\/www.shopodoro.com\/lt\/wp-json\/wp\/v2\/comments?post=2115"}],"version-history":[{"count":1,"href":"https:\/\/www.shopodoro.com\/lt\/wp-json\/wp\/v2\/pages\/2115\/revisions"}],"predecessor-version":[{"id":2116,"href":"https:\/\/www.shopodoro.com\/lt\/wp-json\/wp\/v2\/pages\/2115\/revisions\/2116"}],"wp:attachment":[{"href":"https:\/\/www.shopodoro.com\/lt\/wp-json\/wp\/v2\/media?parent=2115"}],"curies":[{"name":"wp","href":"https:\/\/api.w.org\/{rel}","templated":true}]}}