{"id":1828,"date":"2017-11-21T08:22:25","date_gmt":"2017-11-21T08:22:25","guid":{"rendered":"http:\/\/www.shopodoro.com\/product\/roze\/"},"modified":"2022-12-18T17:21:49","modified_gmt":"2022-12-18T17:21:49","slug":"roze","status":"publish","type":"product","link":"https:\/\/www.shopodoro.com\/lt\/produktas\/roze\/","title":{"rendered":"Ro\u017e\u0117"},"content":{"rendered":"<p><strong>Sud\u0117tis:<\/strong> Sodium Chloride (j\u016bros druska), Sodium Chloride (Himalaj\u0173 druska), Rosa damascena aliejus, Vitaminas E.<\/p>\n","protected":false},"excerpt":{"rendered":"<p>Nat\u016brali vonios druska su ro\u017ei\u0173 aliejumi pad\u0117s odai tapti skaistesnei ir \u0161velnesnei. I\u0161tirpin\u0119 \u0161i\u0105 drusk\u0105 vandenyje, gausiai pripildysite voni\u0105 mineral\u0173, kurie atgaivins jus ir j\u016bs\u0173 od\u0105.<\/p>\n<p><strong>Svoris: <\/strong>200 g<\/p>\n","protected":false},"featured_media":2419,"comment_status":"open","ping_status":"closed","template":"","meta":[],"yoast_head":"<!-- This site is optimized with the Yoast SEO plugin v15.7 - https:\/\/yoast.com\/wordpress\/plugins\/seo\/ -->\n<meta name=\"description\" content=\"Nat\u016brali vonios druska su eterinias aliejais atgaivins, sumink\u0161tins, i\u0161lygins j\u016bs\u0173 od\u0105 ir nuramins j\u016bs\u0173 mintis.\" \/>\n<meta name=\"robots\" content=\"index, follow, max-snippet:-1, max-image-preview:large, max-video-preview:-1\" \/>\n<link rel=\"canonical\" href=\"https:\/\/www.shopodoro.com\/lt\/produktas\/roze\/\" \/>\n<meta property=\"og:locale\" content=\"lt_LT\" \/>\n<meta property=\"og:type\" content=\"article\" \/>\n<meta property=\"og:title\" content=\"Vonios druska su eteriniu aliejumi - Ro\u017e\u0117\" \/>\n<meta property=\"og:description\" content=\"Nat\u016brali vonios druska su eterinias aliejais atgaivins, sumink\u0161tins, i\u0161lygins j\u016bs\u0173 od\u0105 ir nuramins j\u016bs\u0173 mintis.\" \/>\n<meta property=\"og:url\" content=\"https:\/\/www.shopodoro.com\/lt\/produktas\/roze\/\" \/>\n<meta property=\"og:site_name\" content=\"SHOPODORO\" \/>\n<meta property=\"article:modified_time\" content=\"2022-12-18T17:21:49+00:00\" \/>\n<meta property=\"og:image\" content=\"https:\/\/www.shopodoro.com\/wp-content\/uploads\/2017\/11\/shopodoro-bath-salts-rose-vonios-druskos.jpg\" \/>\n\t<meta property=\"og:image:width\" content=\"590\" \/>\n\t<meta property=\"og:image:height\" content=\"885\" \/>\n<meta name=\"twitter:card\" content=\"summary_large_image\" \/>\n<script type=\"application\/ld+json\" class=\"yoast-schema-graph\">{\"@context\":\"https:\/\/schema.org\",\"@graph\":[{\"@type\":\"WebSite\",\"@id\":\"https:\/\/www.shopodoro.com\/#website\",\"url\":\"https:\/\/www.shopodoro.com\/\",\"name\":\"SHOPODORO\",\"description\":\"Natural Skin Care and Accessories\",\"potentialAction\":[{\"@type\":\"SearchAction\",\"target\":\"https:\/\/www.shopodoro.com\/?s={search_term_string}\",\"query-input\":\"required name=search_term_string\"}],\"inLanguage\":\"lt-LT\"},{\"@type\":\"ImageObject\",\"@id\":\"https:\/\/www.shopodoro.com\/lt\/produktas\/roze\/#primaryimage\",\"inLanguage\":\"lt-LT\",\"url\":\"https:\/\/www.shopodoro.com\/wp-content\/uploads\/2017\/11\/shopodoro-bath-salts-rose-vonios-druskos.jpg\",\"width\":590,\"height\":885},{\"@type\":\"WebPage\",\"@id\":\"https:\/\/www.shopodoro.com\/lt\/produktas\/roze\/#webpage\",\"url\":\"https:\/\/www.shopodoro.com\/lt\/produktas\/roze\/\",\"name\":\"Vonios druska su eteriniu aliejumi - Ro\\u017e\\u0117\",\"isPartOf\":{\"@id\":\"https:\/\/www.shopodoro.com\/#website\"},\"primaryImageOfPage\":{\"@id\":\"https:\/\/www.shopodoro.com\/lt\/produktas\/roze\/#primaryimage\"},\"datePublished\":\"2017-11-21T08:22:25+00:00\",\"dateModified\":\"2022-12-18T17:21:49+00:00\",\"description\":\"Nat\\u016brali vonios druska su eterinias aliejais atgaivins, sumink\\u0161tins, i\\u0161lygins j\\u016bs\\u0173 od\\u0105 ir nuramins j\\u016bs\\u0173 mintis.\",\"inLanguage\":\"lt-LT\",\"potentialAction\":[{\"@type\":\"ReadAction\",\"target\":[\"https:\/\/www.shopodoro.com\/lt\/produktas\/roze\/\"]}]}]}<\/script>\n<!-- \/ Yoast SEO plugin. -->","_links":{"self":[{"href":"https:\/\/www.shopodoro.com\/lt\/wp-json\/wp\/v2\/product\/1828"}],"collection":[{"href":"https:\/\/www.shopodoro.com\/lt\/wp-json\/wp\/v2\/product"}],"about":[{"href":"https:\/\/www.shopodoro.com\/lt\/wp-json\/wp\/v2\/types\/product"}],"replies":[{"embeddable":true,"href":"https:\/\/www.shopodoro.com\/lt\/wp-json\/wp\/v2\/comments?post=1828"}],"wp:featuredmedia":[{"embeddable":true,"href":"https:\/\/www.shopodoro.com\/lt\/wp-json\/wp\/v2\/media\/2419"}],"wp:attachment":[{"href":"https:\/\/www.shopodoro.com\/lt\/wp-json\/wp\/v2\/media?parent=1828"}],"curies":[{"name":"wp","href":"https:\/\/api.w.org\/{rel}","templated":true}]}}