{"id":2112,"date":"2017-11-24T19:04:21","date_gmt":"2017-11-24T19:04:21","guid":{"rendered":"http:\/\/www.shopodoro.com\/product\/mini-rinkinys\/"},"modified":"2022-10-25T23:42:10","modified_gmt":"2022-10-25T23:42:10","slug":"mini-rinkinys","status":"publish","type":"product","link":"https:\/\/www.shopodoro.com\/lt\/produktas\/mini-rinkinys\/","title":{"rendered":"Mini rinkinys"},"content":{"rendered":"","protected":false},"excerpt":{"rendered":"<div>\n<p>Dovan\u0173 rinkinys baltoje popieriaus d\u0117\u017eut\u0117je ir apjuostas lengvai krintan\u010diu kaspinu.<\/p>\n<p>\u0160\u012f dovan\u0173 rinkin\u012f sudaro:<br \/>\n<em>+ J\u016bros druska voniai su eteriniu levand\u0173 aliejumi, 300 g<\/em><br \/>\n<em>+ Kavos &amp; Kakavos muilas, 125 g<\/em><br \/>\n<em>+ Nat\u016brali loofah kempin\u0117<\/em><br \/>\n<em>+ J\u016bros druskos burbulas su citrin\u017eol\u0117s eteriniu aliejumi, 110 g<br \/>\n<\/em><\/p>\n<p>Mes galime pasi\u016blyti nat\u016bralias rank\u0173 darbo k\u016bno prie\u017ei\u016bros priemones, kurios pagamintos i\u0161 kruop\u0161\u010diai atrinkt\u0173 ingredient\u0173, nat\u016brali\u0173 aliej\u0173, augalin\u0117s kilm\u0117s sudedam\u0173j\u0173 dali\u0173. Gaminant \u0161i\u0105 kosmetik\u0105 nebuvo atlikti bandymai su gyv\u016bnais.<\/p>\n<\/div>\n","protected":false},"featured_media":2083,"comment_status":"open","ping_status":"closed","template":"","meta":[],"yoast_head":"<!-- This site is optimized with the Yoast SEO plugin v15.7 - https:\/\/yoast.com\/wordpress\/plugins\/seo\/ -->\n<meta name=\"robots\" content=\"index, follow, max-snippet:-1, max-image-preview:large, max-video-preview:-1\" \/>\n<link rel=\"canonical\" href=\"https:\/\/www.shopodoro.com\/lt\/produktas\/mini-rinkinys\/\" \/>\n<meta property=\"og:locale\" content=\"lt_LT\" \/>\n<meta property=\"og:type\" content=\"article\" \/>\n<meta property=\"og:title\" content=\"Mini rinkinys - SHOPODORO\" \/>\n<meta property=\"og:description\" content=\"Dovan\u0173 rinkinys baltoje popieriaus d\u0117\u017eut\u0117je ir apjuostas lengvai krintan\u010diu kaspinu.  \u0160\u012f dovan\u0173 rinkin\u012f sudaro: + J\u016bros druska voniai su eteriniu levand\u0173 aliejumi, 300 g + Kavos &amp; Kakavos muilas, 125 g + Nat\u016brali loofah kempin\u0117 + J\u016bros druskos burbulas su citrin\u017eol\u0117s eteriniu aliejumi, 110 g   Mes galime pasi\u016blyti nat\u016bralias rank\u0173 darbo k\u016bno prie\u017ei\u016bros priemones, kurios pagamintos i\u0161 kruop\u0161\u010diai atrinkt\u0173 ingredient\u0173, nat\u016brali\u0173 aliej\u0173, augalin\u0117s kilm\u0117s sudedam\u0173j\u0173 dali\u0173. Gaminant \u0161i\u0105 kosmetik\u0105 nebuvo atlikti bandymai su gyv\u016bnais.\" \/>\n<meta property=\"og:url\" content=\"https:\/\/www.shopodoro.com\/lt\/produktas\/mini-rinkinys\/\" \/>\n<meta property=\"og:site_name\" content=\"SHOPODORO\" \/>\n<meta property=\"article:modified_time\" content=\"2022-10-25T23:42:10+00:00\" \/>\n<meta property=\"og:image\" content=\"https:\/\/www.shopodoro.com\/wp-content\/uploads\/2017\/11\/natural-cosmetic-set-gift-1.jpg\" \/>\n\t<meta property=\"og:image:width\" content=\"600\" \/>\n\t<meta property=\"og:image:height\" content=\"900\" \/>\n<meta name=\"twitter:card\" content=\"summary_large_image\" \/>\n<script type=\"application\/ld+json\" class=\"yoast-schema-graph\">{\"@context\":\"https:\/\/schema.org\",\"@graph\":[{\"@type\":\"WebSite\",\"@id\":\"https:\/\/www.shopodoro.com\/#website\",\"url\":\"https:\/\/www.shopodoro.com\/\",\"name\":\"SHOPODORO\",\"description\":\"Natural Skin Care and Accessories\",\"potentialAction\":[{\"@type\":\"SearchAction\",\"target\":\"https:\/\/www.shopodoro.com\/?s={search_term_string}\",\"query-input\":\"required name=search_term_string\"}],\"inLanguage\":\"lt-LT\"},{\"@type\":\"ImageObject\",\"@id\":\"https:\/\/www.shopodoro.com\/lt\/produktas\/mini-rinkinys\/#primaryimage\",\"inLanguage\":\"lt-LT\",\"url\":\"https:\/\/www.shopodoro.com\/wp-content\/uploads\/2017\/11\/natural-cosmetic-set-gift-1.jpg\",\"width\":600,\"height\":900},{\"@type\":\"WebPage\",\"@id\":\"https:\/\/www.shopodoro.com\/lt\/produktas\/mini-rinkinys\/#webpage\",\"url\":\"https:\/\/www.shopodoro.com\/lt\/produktas\/mini-rinkinys\/\",\"name\":\"Mini rinkinys - SHOPODORO\",\"isPartOf\":{\"@id\":\"https:\/\/www.shopodoro.com\/#website\"},\"primaryImageOfPage\":{\"@id\":\"https:\/\/www.shopodoro.com\/lt\/produktas\/mini-rinkinys\/#primaryimage\"},\"datePublished\":\"2017-11-24T19:04:21+00:00\",\"dateModified\":\"2022-10-25T23:42:10+00:00\",\"inLanguage\":\"lt-LT\",\"potentialAction\":[{\"@type\":\"ReadAction\",\"target\":[\"https:\/\/www.shopodoro.com\/lt\/produktas\/mini-rinkinys\/\"]}]}]}<\/script>\n<!-- \/ Yoast SEO plugin. -->","_links":{"self":[{"href":"https:\/\/www.shopodoro.com\/lt\/wp-json\/wp\/v2\/product\/2112"}],"collection":[{"href":"https:\/\/www.shopodoro.com\/lt\/wp-json\/wp\/v2\/product"}],"about":[{"href":"https:\/\/www.shopodoro.com\/lt\/wp-json\/wp\/v2\/types\/product"}],"replies":[{"embeddable":true,"href":"https:\/\/www.shopodoro.com\/lt\/wp-json\/wp\/v2\/comments?post=2112"}],"wp:featuredmedia":[{"embeddable":true,"href":"https:\/\/www.shopodoro.com\/lt\/wp-json\/wp\/v2\/media\/2083"}],"wp:attachment":[{"href":"https:\/\/www.shopodoro.com\/lt\/wp-json\/wp\/v2\/media?parent=2112"}],"curies":[{"name":"wp","href":"https:\/\/api.w.org\/{rel}","templated":true}]}}