{"id":2218,"date":"2018-01-31T07:07:09","date_gmt":"2018-01-31T07:07:09","guid":{"rendered":"http:\/\/www.shopodoro.com\/product\/kuno-aliejus\/"},"modified":"2022-12-26T09:11:30","modified_gmt":"2022-12-26T09:11:30","slug":"masazinis-kuno-aliejus","status":"publish","type":"product","link":"https:\/\/www.shopodoro.com\/lt\/produktas\/masazinis-kuno-aliejus\/","title":{"rendered":"K\u016bno aliejus"},"content":{"rendered":"","protected":false},"excerpt":{"rendered":"<p>Grynas ir nat\u016bralus makadamij\u0173 aliejus giliai maitina ir dr\u0117kina od\u0105. Pagamintas su gaivinan\u010diu verben\u0173 eteriniu aliejumi.<\/p>\n<p><em><strong>\/ TONIZUOJA + MINK\u0160TINA \/<\/strong><\/em><\/p>\n<p><em><strong>\u00a0\/ ATKURIA\u00a0 ELASTINGUM\u0104 \/<\/strong><\/em><\/p>\n<p><em><strong>\/ REGENERUOJA + DR\u0116KINA \/<\/strong><\/em><\/p>\n<p><strong>Sud\u0117tis<\/strong>: Macadamia Ternifolia Seed Oil, Cocos Nucifera Oil, Lippia Citriodora ( Verbena ) Oil, Tocopheryl Acetate ( Vitamin E).<\/p>\n<p><strong>PUIKIAI TINKA SAUSAI IR \u0160IURK\u0160\u010cIAI ODAI.<\/strong><\/p>\n<p>100 % nat\u016bral\u016bs ingredientai lengvai \u012fsiskverbia, nepalieka riebumo jausmo. J\u016bs\u0173 oda bus prisotinta vitamin\u0173, mineral\u0173 ir antioksidant\u0173.<\/p>\n<p>Rekomenduojamas kaip profesionali masa\u017eo ir intensyvaus dr\u0117kinimo priemon\u0117. Sukamaisiais judesiais \u012fmasa\u017euokite nedidel\u012f kiek\u012f aliejaus \u012f od\u0105. Tinkamas\u00a0 maudyn\u0117ms vonioje (1-2 \u0161auk\u0161teliai aliejaus \u012f \u0161ilt\u0105 vanden\u012f).<\/p>\n<p><strong>Kiekis<\/strong>: 100 ml<\/p>\n","protected":false},"featured_media":2421,"comment_status":"open","ping_status":"closed","template":"","meta":[],"yoast_head":"<!-- This site is optimized with the Yoast SEO plugin v15.7 - https:\/\/yoast.com\/wordpress\/plugins\/seo\/ -->\n<meta name=\"description\" content=\"Atrinkti geriausi nat\u016bral\u016bs aliejai dr\u0117kina, maitina, \u0161velnina od\u0105 ir apsaugo j\u0105 nuo sen\u0117jimo. Tinka masa\u017eams.\" \/>\n<meta name=\"robots\" content=\"index, follow, max-snippet:-1, max-image-preview:large, max-video-preview:-1\" \/>\n<link rel=\"canonical\" href=\"https:\/\/www.shopodoro.com\/lt\/produktas\/masazinis-kuno-aliejus\/\" \/>\n<meta property=\"og:locale\" content=\"lt_LT\" \/>\n<meta property=\"og:type\" content=\"article\" \/>\n<meta property=\"og:title\" content=\"Masa\u017einis k\u016bno aliejus - Makadamija + Verbena + Vitaminas E\" \/>\n<meta property=\"og:description\" content=\"Atrinkti geriausi nat\u016bral\u016bs aliejai dr\u0117kina, maitina, \u0161velnina od\u0105 ir apsaugo j\u0105 nuo sen\u0117jimo. Tinka masa\u017eams.\" \/>\n<meta property=\"og:url\" content=\"https:\/\/www.shopodoro.com\/lt\/produktas\/masazinis-kuno-aliejus\/\" \/>\n<meta property=\"og:site_name\" content=\"SHOPODORO\" \/>\n<meta property=\"article:modified_time\" content=\"2022-12-26T09:11:30+00:00\" \/>\n<meta property=\"og:image\" content=\"https:\/\/www.shopodoro.com\/wp-content\/uploads\/2018\/01\/shopodoro-body-oil-kuno-aliejus.jpg\" \/>\n\t<meta property=\"og:image:width\" content=\"600\" \/>\n\t<meta property=\"og:image:height\" content=\"900\" \/>\n<meta name=\"twitter:card\" content=\"summary_large_image\" \/>\n<script type=\"application\/ld+json\" class=\"yoast-schema-graph\">{\"@context\":\"https:\/\/schema.org\",\"@graph\":[{\"@type\":\"WebSite\",\"@id\":\"https:\/\/www.shopodoro.com\/#website\",\"url\":\"https:\/\/www.shopodoro.com\/\",\"name\":\"SHOPODORO\",\"description\":\"Natural Skin Care and Accessories\",\"potentialAction\":[{\"@type\":\"SearchAction\",\"target\":\"https:\/\/www.shopodoro.com\/?s={search_term_string}\",\"query-input\":\"required name=search_term_string\"}],\"inLanguage\":\"lt-LT\"},{\"@type\":\"ImageObject\",\"@id\":\"https:\/\/www.shopodoro.com\/lt\/produktas\/masazinis-kuno-aliejus\/#primaryimage\",\"inLanguage\":\"lt-LT\",\"url\":\"https:\/\/www.shopodoro.com\/wp-content\/uploads\/2018\/01\/shopodoro-body-oil-kuno-aliejus.jpg\",\"width\":600,\"height\":900},{\"@type\":\"WebPage\",\"@id\":\"https:\/\/www.shopodoro.com\/lt\/produktas\/masazinis-kuno-aliejus\/#webpage\",\"url\":\"https:\/\/www.shopodoro.com\/lt\/produktas\/masazinis-kuno-aliejus\/\",\"name\":\"Masa\\u017einis k\\u016bno aliejus - Makadamija + Verbena + Vitaminas E\",\"isPartOf\":{\"@id\":\"https:\/\/www.shopodoro.com\/#website\"},\"primaryImageOfPage\":{\"@id\":\"https:\/\/www.shopodoro.com\/lt\/produktas\/masazinis-kuno-aliejus\/#primaryimage\"},\"datePublished\":\"2018-01-31T07:07:09+00:00\",\"dateModified\":\"2022-12-26T09:11:30+00:00\",\"description\":\"Atrinkti geriausi nat\\u016bral\\u016bs aliejai dr\\u0117kina, maitina, \\u0161velnina od\\u0105 ir apsaugo j\\u0105 nuo sen\\u0117jimo. Tinka masa\\u017eams.\",\"inLanguage\":\"lt-LT\",\"potentialAction\":[{\"@type\":\"ReadAction\",\"target\":[\"https:\/\/www.shopodoro.com\/lt\/produktas\/masazinis-kuno-aliejus\/\"]}]}]}<\/script>\n<!-- \/ Yoast SEO plugin. -->","_links":{"self":[{"href":"https:\/\/www.shopodoro.com\/lt\/wp-json\/wp\/v2\/product\/2218"}],"collection":[{"href":"https:\/\/www.shopodoro.com\/lt\/wp-json\/wp\/v2\/product"}],"about":[{"href":"https:\/\/www.shopodoro.com\/lt\/wp-json\/wp\/v2\/types\/product"}],"replies":[{"embeddable":true,"href":"https:\/\/www.shopodoro.com\/lt\/wp-json\/wp\/v2\/comments?post=2218"}],"wp:featuredmedia":[{"embeddable":true,"href":"https:\/\/www.shopodoro.com\/lt\/wp-json\/wp\/v2\/media\/2421"}],"wp:attachment":[{"href":"https:\/\/www.shopodoro.com\/lt\/wp-json\/wp\/v2\/media?parent=2218"}],"curies":[{"name":"wp","href":"https:\/\/api.w.org\/{rel}","templated":true}]}}