{"id":2291,"date":"2018-02-28T14:18:30","date_gmt":"2018-02-28T14:18:30","guid":{"rendered":"http:\/\/www.shopodoro.com\/product\/laimas-zaliasis-molis\/"},"modified":"2022-10-18T22:20:06","modified_gmt":"2022-10-18T22:20:06","slug":"kuno-sveitiklis-laimas-zaliasis-molis","status":"publish","type":"product","link":"https:\/\/www.shopodoro.com\/lt\/produktas\/kuno-sveitiklis-laimas-zaliasis-molis\/","title":{"rendered":"Laimas &#038; \u017daliasis molis"},"content":{"rendered":"<p><strong>Laimo<\/strong> eterinis aliejus turi antiseptini\u0173, antimikrobini\u0173 savybi\u0173, jis gali pad\u0117ti susidoroti su infekcijomis ir apsaugo nuo u\u017edegimo plitimo. Naudojamas i\u0161ori\u0161kai, jis apsaugo nuo \u017ealing\u0173 mikroorganizm\u0173 ir skatina \u017eaizd\u0173 gijim\u0105.<\/p>\n<p><strong>\u017daliasis molis<\/strong> kosmetikos gamyboje yra labai vertinamas mineralizuotas molis. Jis susideda i\u0161 med\u017eiag\u0173, ka\u017ekada buvusi\u0173 augalais ir savyje turi toki\u0173 mineralini\u0173 med\u017eiag\u0173 kaip kalcis, fosforas, varis, cinkas, magnis, silica. Jis padeda pa\u0161alinti ne\u0161varumus, sustiprina poras, tonizuoja od\u0105, nuvalo negyvas odos l\u0105steles, suma\u017eina spuogus ir numal\u0161ina u\u017edegiminius procesus. Naudojamas viso k\u016bno proced\u016broms, norint su\u0161velninti saus\u0105 ir \u0161iurk\u0161\u010di\u0105 od\u0105.<\/p>\n<p><strong>Cukrus<\/strong> pa\u0161alina negyvas odos l\u0105steles ir leid\u017eia atsinaujinti odai. Savo \u0161veitiklyje mes naudojame cukr\u0173, nes jis yra prana\u0161esnis nei druska, taip pat naudojama k\u016bno \u0161veitikli\u0173 gamyboje. Ma\u017eos cukraus granul\u0117s yra \u0161velnesn\u0117s nei druskos ir turi nat\u016brali\u0173 dr\u0117kinan\u010di\u0173 med\u017eiag\u0173. Tod\u0117l \u0161is k\u016bno \u0161veitiklis yra labiau dr\u0117kinantis nei druskos \u0161veitikliai, kurie kita vertus, gali per agresyviai pa\u0161alinti nat\u016bralius aliejus nuo odos.<\/p>\n<p><strong>Kokos\u0173 aliejus<\/strong> ne tik efektyviai dr\u0117kina ir maitina od\u0105, bet taip pat apsaugo nuo ankstyvo sen\u0117jimo. Nustatyta, kad kokos\u0173 aliejus turi savyb\u0119 giliau \u012fsigerti \u012f epiderm\u012f nei kiti nat\u016bral\u016bs aliejai. Aliejaus trigliceridai traukia proteino molekules, tod\u0117l nat\u016braliai padeda l\u0105stelei laiku atstatyti kolagen\u0105. Kokos\u0173 aliejus pasi\u017eymi ir antioksidacin\u0117mis savyb\u0117mis. Jis padeda odai i\u0161likti lygiai ir \u0161velniai.<\/p>\n<p><strong>Naudojimas<\/strong>: <em>po du\u0161o ar vonios \u0161variai nuplov\u0119 od\u0105 prausikliu, \u0161velniai sukamaisiai judesiais \u012fmasa\u017euokite \u0161veitikl\u012f \u012f od\u0105. Palaikykite 3-7 minutes. Nuplaukite po tekan\u010diu vandeniu. \u017daliasis molis yra puiki odos kauk\u0117, tod\u0117l ilgesnis \u0161veitiklio palaikymas tik sustiprins jo poveik\u012f. Masa\u017euojant od\u0105, cukrus ne tik pa\u0161alins senas odos l\u0105steles, bet ir suaktyvins kraujotak\u0105, tod\u0117l \u0161is \u0161veitiklis puikiai tiks celiulito prevencijai ar ma\u017einimui. Po \u0161vei\u010diamosios proced\u016bros nenaudokite prausiklio ar du\u0161o gelio &#8211; kokos\u0173 aliejus, pritrauk\u0119s geriausi\u0173 \u017ealiosios citrinos ir \u017ealiojo molio savybi\u0173, maitins j\u016bs\u0173 od\u0105, sukurs fizin\u012f barjer\u0105 nuo dulki\u0173, aplinkos tar\u0161os ir u\u017erakins odoje dr\u0117gm\u0119.<\/em><\/p>\n<p><strong>Pristatymas: <\/strong>nat\u016bralias kosmetikos priemones gaminame labai ma\u017eais kiekiais ir da\u017enai jau po u\u017esakymo, tod\u0117l kartais suruo\u0161ti Tavo u\u017esakym\u0105 u\u017etruksime iki 2-3 darbo dien\u0173. Bet \u0161is produktas bus itin \u0161vie\u017eias ir pagamintas su meile specialiai Tau!<\/p>\n","protected":false},"excerpt":{"rendered":"<p>\u0160is k\u016bno \u0161veitiklis kvepia ypa\u010d nuostabiai &#8211; jis gausiai pripildytas Laimo eteriniu aliejumi. \u017daliasis molis detoksikuoja od\u0105, i\u0161valo poras, o kokos\u0173 aliejus giliai \u012fsiskverbia \u012f od\u0105 ir j\u0105 maitina.<\/p>\n<p><em><strong>\/ GILIAI MAITINA \/<\/strong><\/em><\/p>\n<p><em><strong>\/ \u0160VEI\u010cIA + TONIZUOJA \/<\/strong><\/em><\/p>\n<p><em><strong>\/ VEIKIA PRIE\u0160U\u017dDEGIMI\u0160KAI + ATNAUJINA \/<\/strong><\/em><\/p>\n<p><strong>Sud\u0117tis:<\/strong> Cocos Nucifera Oil, Sugar, Green Clay, Lime essential oil.<\/p>\n<p><em>\u0160is k\u016bno \u0161veitiklis\/kauk\u0117 yra 100 % nat\u016bralus, jame n\u0117ra prid\u0117tini\u0173 konservant\u0173. Tod\u0117l \u0161is produktas tur\u0117t\u0173 b\u016bti laikomas ne tiesiogin\u0117je saul\u0117s \u0161viesoje, atokiau nuo \u0161ilumos \u0161altini\u0173. Po panaudojimo, nepalikite \u0161veitiklio vandenyje.<\/em><\/p>\n<p><strong>Kiekis<\/strong>: 200 g.<\/p>\n","protected":false},"featured_media":2285,"comment_status":"open","ping_status":"closed","template":"","meta":[],"yoast_head":"<!-- This site is optimized with the Yoast SEO plugin v15.7 - https:\/\/yoast.com\/wordpress\/plugins\/seo\/ -->\n<meta name=\"description\" content=\"Geriausi nat\u016bral\u016bs ingredientai - m\u016bs\u0173 k\u016bno \u0161veitiklis \/ kauk\u0117 giliai valo, detoksikuoja, atnaujina od\u0105, maitina ir saugo.\" \/>\n<meta name=\"robots\" content=\"index, follow, max-snippet:-1, max-image-preview:large, max-video-preview:-1\" \/>\n<link rel=\"canonical\" href=\"https:\/\/www.shopodoro.com\/lt\/produktas\/kuno-sveitiklis-laimas-zaliasis-molis\/\" \/>\n<meta property=\"og:locale\" content=\"lt_LT\" \/>\n<meta property=\"og:type\" content=\"article\" \/>\n<meta property=\"og:title\" content=\"K\u016bno \u0161veitiklis \/ kauk\u0117 - SHOPODORO - valantis ir dr\u0117kinantis\" \/>\n<meta property=\"og:description\" content=\"Geriausi nat\u016bral\u016bs ingredientai - m\u016bs\u0173 k\u016bno \u0161veitiklis \/ kauk\u0117 giliai valo, detoksikuoja, atnaujina od\u0105, maitina ir saugo.\" \/>\n<meta property=\"og:url\" content=\"https:\/\/www.shopodoro.com\/lt\/produktas\/kuno-sveitiklis-laimas-zaliasis-molis\/\" \/>\n<meta property=\"og:site_name\" content=\"SHOPODORO\" \/>\n<meta property=\"article:modified_time\" content=\"2022-10-18T22:20:06+00:00\" \/>\n<meta property=\"og:image\" content=\"https:\/\/www.shopodoro.com\/wp-content\/uploads\/2018\/02\/shopodoro-body-scrub.jpg\" \/>\n\t<meta property=\"og:image:width\" content=\"600\" \/>\n\t<meta property=\"og:image:height\" content=\"900\" \/>\n<meta name=\"twitter:card\" content=\"summary_large_image\" \/>\n<meta name=\"twitter:label1\" content=\"Est. reading time\">\n\t<meta name=\"twitter:data1\" content=\"2 minutes\">\n<script type=\"application\/ld+json\" class=\"yoast-schema-graph\">{\"@context\":\"https:\/\/schema.org\",\"@graph\":[{\"@type\":\"WebSite\",\"@id\":\"https:\/\/www.shopodoro.com\/#website\",\"url\":\"https:\/\/www.shopodoro.com\/\",\"name\":\"SHOPODORO\",\"description\":\"Natural Skin Care and Accessories\",\"potentialAction\":[{\"@type\":\"SearchAction\",\"target\":\"https:\/\/www.shopodoro.com\/?s={search_term_string}\",\"query-input\":\"required name=search_term_string\"}],\"inLanguage\":\"lt-LT\"},{\"@type\":\"ImageObject\",\"@id\":\"https:\/\/www.shopodoro.com\/lt\/produktas\/kuno-sveitiklis-laimas-zaliasis-molis\/#primaryimage\",\"inLanguage\":\"lt-LT\",\"url\":\"https:\/\/www.shopodoro.com\/wp-content\/uploads\/2018\/02\/shopodoro-body-scrub.jpg\",\"width\":600,\"height\":900},{\"@type\":\"WebPage\",\"@id\":\"https:\/\/www.shopodoro.com\/lt\/produktas\/kuno-sveitiklis-laimas-zaliasis-molis\/#webpage\",\"url\":\"https:\/\/www.shopodoro.com\/lt\/produktas\/kuno-sveitiklis-laimas-zaliasis-molis\/\",\"name\":\"K\\u016bno \\u0161veitiklis \/ kauk\\u0117 - SHOPODORO - valantis ir dr\\u0117kinantis\",\"isPartOf\":{\"@id\":\"https:\/\/www.shopodoro.com\/#website\"},\"primaryImageOfPage\":{\"@id\":\"https:\/\/www.shopodoro.com\/lt\/produktas\/kuno-sveitiklis-laimas-zaliasis-molis\/#primaryimage\"},\"datePublished\":\"2018-02-28T14:18:30+00:00\",\"dateModified\":\"2022-10-18T22:20:06+00:00\",\"description\":\"Geriausi nat\\u016bral\\u016bs ingredientai - m\\u016bs\\u0173 k\\u016bno \\u0161veitiklis \/ kauk\\u0117 giliai valo, detoksikuoja, atnaujina od\\u0105, maitina ir saugo.\",\"inLanguage\":\"lt-LT\",\"potentialAction\":[{\"@type\":\"ReadAction\",\"target\":[\"https:\/\/www.shopodoro.com\/lt\/produktas\/kuno-sveitiklis-laimas-zaliasis-molis\/\"]}]}]}<\/script>\n<!-- \/ Yoast SEO plugin. -->","_links":{"self":[{"href":"https:\/\/www.shopodoro.com\/lt\/wp-json\/wp\/v2\/product\/2291"}],"collection":[{"href":"https:\/\/www.shopodoro.com\/lt\/wp-json\/wp\/v2\/product"}],"about":[{"href":"https:\/\/www.shopodoro.com\/lt\/wp-json\/wp\/v2\/types\/product"}],"replies":[{"embeddable":true,"href":"https:\/\/www.shopodoro.com\/lt\/wp-json\/wp\/v2\/comments?post=2291"}],"wp:featuredmedia":[{"embeddable":true,"href":"https:\/\/www.shopodoro.com\/lt\/wp-json\/wp\/v2\/media\/2285"}],"wp:attachment":[{"href":"https:\/\/www.shopodoro.com\/lt\/wp-json\/wp\/v2\/media?parent=2291"}],"curies":[{"name":"wp","href":"https:\/\/api.w.org\/{rel}","templated":true}]}}