{"id":2424,"date":"2019-01-20T18:01:46","date_gmt":"2019-01-20T18:01:46","guid":{"rendered":"http:\/\/www.shopodoro.com\/lt\/produktas\/roze-druska-copy\/"},"modified":"2022-04-04T02:27:31","modified_gmt":"2022-04-04T02:27:31","slug":"ranku-darbo-muilas-persikas","status":"publish","type":"product","link":"https:\/\/www.shopodoro.com\/lt\/produktas\/ranku-darbo-muilas-persikas\/","title":{"rendered":"Persikas &#038; Aguonos"},"content":{"rendered":"<p><strong>Sud\u0117tis:<\/strong> Saponified Oils of Cocos nucifera (Coconut) Oil, Olea europaea (Olive) Fruit Oil, Helianthus Annuus (Sunflower) Seed Oil, ro\u017ei\u0173 vanduo, aromatinis aliejus, himalaj\u0173 druska, CI 77007\/ultramarine.<br \/>\n<strong><br \/>\n<\/strong><\/p>\n","protected":false},"excerpt":{"rendered":"<p>100 % nat\u016bralus produktas, pagamintas i\u0161 organini\u0173, i\u0161gaut\u0173 i\u0161 augal\u0173 ir maistui tinkan\u010di\u0173 sud\u0117tini\u0173 dali\u0173.<\/p>\n<p>Brandintas muilas n\u0117ra lygus ir glotnus, d\u017ei\u016bdamas jis darosi \u0161iek tiek grubesnis. D\u0117l sud\u0117tyje nat\u016braliai esan\u010dios druskos, jos kristal\u0173 p\u0117dsak\u0173 gali susidaryti ir muilo pavir\u0161iuje.<\/p>\n<p><strong>Svoris: <\/strong>150 g<\/p>\n","protected":false},"featured_media":2426,"comment_status":"open","ping_status":"closed","template":"","meta":[],"yoast_head":"<!-- This site is optimized with the Yoast SEO plugin v15.7 - https:\/\/yoast.com\/wordpress\/plugins\/seo\/ -->\n<meta name=\"description\" content=\"Pagamintas i\u0161 auk\u0161\u010diausios kokyb\u0117s augalini\u0173 aliej\u0173. Efektyviai \u0161alina ne\u0161varus ir dr\u0117kina j\u016bs\u0173 od\u0105 jos nesausindamas. Rank\u0173 darbo\" \/>\n<meta name=\"robots\" content=\"index, follow, max-snippet:-1, max-image-preview:large, max-video-preview:-1\" \/>\n<link rel=\"canonical\" href=\"https:\/\/www.shopodoro.com\/lt\/produktas\/ranku-darbo-muilas-persikas\/\" \/>\n<meta property=\"og:locale\" content=\"lt_LT\" \/>\n<meta property=\"og:type\" content=\"article\" \/>\n<meta property=\"og:title\" content=\"Nat\u016bralus rank\u0173 darbo muilas - Ro\u017e\u0117 ir Druska\" \/>\n<meta property=\"og:description\" content=\"Pagamintas i\u0161 auk\u0161\u010diausios kokyb\u0117s augalini\u0173 aliej\u0173. Efektyviai \u0161alina ne\u0161varus ir dr\u0117kina j\u016bs\u0173 od\u0105 jos nesausindamas. Rank\u0173 darbo\" \/>\n<meta property=\"og:url\" content=\"https:\/\/www.shopodoro.com\/lt\/produktas\/ranku-darbo-muilas-persikas\/\" \/>\n<meta property=\"og:site_name\" content=\"SHOPODORO\" \/>\n<meta property=\"article:modified_time\" content=\"2022-04-04T02:27:31+00:00\" \/>\n<meta property=\"og:image\" content=\"https:\/\/www.shopodoro.com\/wp-content\/uploads\/2019\/01\/naturalus-ranku-darbo-muilas-persikai.jpg\" \/>\n\t<meta property=\"og:image:width\" content=\"1000\" \/>\n\t<meta property=\"og:image:height\" content=\"1000\" \/>\n<meta name=\"twitter:card\" content=\"summary_large_image\" \/>\n<script type=\"application\/ld+json\" class=\"yoast-schema-graph\">{\"@context\":\"https:\/\/schema.org\",\"@graph\":[{\"@type\":\"WebSite\",\"@id\":\"https:\/\/www.shopodoro.com\/#website\",\"url\":\"https:\/\/www.shopodoro.com\/\",\"name\":\"SHOPODORO\",\"description\":\"Natural Skin Care and Accessories\",\"potentialAction\":[{\"@type\":\"SearchAction\",\"target\":\"https:\/\/www.shopodoro.com\/?s={search_term_string}\",\"query-input\":\"required name=search_term_string\"}],\"inLanguage\":\"lt-LT\"},{\"@type\":\"ImageObject\",\"@id\":\"https:\/\/www.shopodoro.com\/lt\/produktas\/ranku-darbo-muilas-persikas\/#primaryimage\",\"inLanguage\":\"lt-LT\",\"url\":\"https:\/\/www.shopodoro.com\/wp-content\/uploads\/2019\/01\/naturalus-ranku-darbo-muilas-persikai.jpg\",\"width\":1000,\"height\":1000},{\"@type\":\"WebPage\",\"@id\":\"https:\/\/www.shopodoro.com\/lt\/produktas\/ranku-darbo-muilas-persikas\/#webpage\",\"url\":\"https:\/\/www.shopodoro.com\/lt\/produktas\/ranku-darbo-muilas-persikas\/\",\"name\":\"Nat\\u016bralus rank\\u0173 darbo muilas - Ro\\u017e\\u0117 ir Druska\",\"isPartOf\":{\"@id\":\"https:\/\/www.shopodoro.com\/#website\"},\"primaryImageOfPage\":{\"@id\":\"https:\/\/www.shopodoro.com\/lt\/produktas\/ranku-darbo-muilas-persikas\/#primaryimage\"},\"datePublished\":\"2019-01-20T18:01:46+00:00\",\"dateModified\":\"2022-04-04T02:27:31+00:00\",\"description\":\"Pagamintas i\\u0161 auk\\u0161\\u010diausios kokyb\\u0117s augalini\\u0173 aliej\\u0173. Efektyviai \\u0161alina ne\\u0161varus ir dr\\u0117kina j\\u016bs\\u0173 od\\u0105 jos nesausindamas. Rank\\u0173 darbo\",\"inLanguage\":\"lt-LT\",\"potentialAction\":[{\"@type\":\"ReadAction\",\"target\":[\"https:\/\/www.shopodoro.com\/lt\/produktas\/ranku-darbo-muilas-persikas\/\"]}]}]}<\/script>\n<!-- \/ Yoast SEO plugin. -->","_links":{"self":[{"href":"https:\/\/www.shopodoro.com\/lt\/wp-json\/wp\/v2\/product\/2424"}],"collection":[{"href":"https:\/\/www.shopodoro.com\/lt\/wp-json\/wp\/v2\/product"}],"about":[{"href":"https:\/\/www.shopodoro.com\/lt\/wp-json\/wp\/v2\/types\/product"}],"replies":[{"embeddable":true,"href":"https:\/\/www.shopodoro.com\/lt\/wp-json\/wp\/v2\/comments?post=2424"}],"wp:featuredmedia":[{"embeddable":true,"href":"https:\/\/www.shopodoro.com\/lt\/wp-json\/wp\/v2\/media\/2426"}],"wp:attachment":[{"href":"https:\/\/www.shopodoro.com\/lt\/wp-json\/wp\/v2\/media?parent=2424"}],"curies":[{"name":"wp","href":"https:\/\/api.w.org\/{rel}","templated":true}]}}