{"id":2532,"date":"2019-10-29T05:22:26","date_gmt":"2019-10-29T05:22:26","guid":{"rendered":"https:\/\/www.shopodoro.com\/lt\/produktas\/no-1-copy-copy-copy\/"},"modified":"2023-01-09T13:07:14","modified_gmt":"2023-01-09T13:07:14","slug":"dovanu-rinkinys-no-18","status":"publish","type":"product","link":"https:\/\/www.shopodoro.com\/lt\/produktas\/dovanu-rinkinys-no-18\/","title":{"rendered":"No 18"},"content":{"rendered":"","protected":false},"excerpt":{"rendered":"<p><strong>Shopodoro dovan\u0173 d\u0117\u017e\u0117s rinkin\u012f sudaro:<\/strong><br \/>\n<em>+ <\/em><em>Rakt\u0173 pakabukas su veidrod\u0117liu<\/em><br \/>\n<em>+ Kvapni \u017evak\u0117<\/em><br \/>\n<em>+ <\/em><em>U\u017era\u0161\u0173 knygel\u0117*, mink\u0161tu vir\u0161eliu<\/em><br \/>\n<em>+ <\/em><em>Pie\u0161tuk\u0173 rinkinys, 6 vnt.<\/em><em><br \/>\n+ Medin\u0117 rank\u0173 darbo d\u0117\u017e\u0117<\/em><\/p>\n<p>*spalva\/ra\u0161tai gali \u0161iek tiek skirtis nuo nuotraukos, bet visuomet i\u0161liks balsv\u0173 arba rusv\u0173 atspalvi\u0173<\/p>\n","protected":false},"featured_media":2534,"comment_status":"open","ping_status":"closed","template":"","meta":[],"yoast_head":"<!-- This site is optimized with the Yoast SEO plugin v15.7 - https:\/\/yoast.com\/wordpress\/plugins\/seo\/ -->\n<meta name=\"robots\" content=\"index, follow, max-snippet:-1, max-image-preview:large, max-video-preview:-1\" \/>\n<link rel=\"canonical\" href=\"https:\/\/www.shopodoro.com\/lt\/produktas\/dovanu-rinkinys-no-18\/\" \/>\n<meta property=\"og:locale\" content=\"lt_LT\" \/>\n<meta property=\"og:type\" content=\"article\" \/>\n<meta property=\"og:title\" content=\"Dovanos d\u0117\u017eut\u0117je - dovan\u0173 rinkinys\" \/>\n<meta property=\"og:description\" content=\"Shopodoro dovan\u0173 d\u0117\u017e\u0117s rinkin\u012f sudaro: + Rakt\u0173 pakabukas su veidrod\u0117liu + Kvapni \u017evak\u0117 + U\u017era\u0161\u0173 knygel\u0117*, mink\u0161tu vir\u0161eliu + Pie\u0161tuk\u0173 rinkinys, 6 vnt. + Medin\u0117 rank\u0173 darbo d\u0117\u017e\u0117  *spalva\/ra\u0161tai gali \u0161iek tiek skirtis nuo nuotraukos, bet visuomet i\u0161liks balsv\u0173 arba rusv\u0173 atspalvi\u0173\" \/>\n<meta property=\"og:url\" content=\"https:\/\/www.shopodoro.com\/lt\/produktas\/dovanu-rinkinys-no-18\/\" \/>\n<meta property=\"og:site_name\" content=\"SHOPODORO\" \/>\n<meta property=\"article:modified_time\" content=\"2023-01-09T13:07:14+00:00\" \/>\n<meta property=\"og:image\" content=\"https:\/\/www.shopodoro.com\/wp-content\/uploads\/2019\/10\/dovanu-rinkiniai-gift-set-for-her-moterims-dovanos-18.jpg\" \/>\n\t<meta property=\"og:image:width\" content=\"1080\" \/>\n\t<meta property=\"og:image:height\" content=\"1350\" \/>\n<meta name=\"twitter:card\" content=\"summary_large_image\" \/>\n<script type=\"application\/ld+json\" class=\"yoast-schema-graph\">{\"@context\":\"https:\/\/schema.org\",\"@graph\":[{\"@type\":\"WebSite\",\"@id\":\"https:\/\/www.shopodoro.com\/#website\",\"url\":\"https:\/\/www.shopodoro.com\/\",\"name\":\"SHOPODORO\",\"description\":\"Natural Skin Care and Accessories\",\"potentialAction\":[{\"@type\":\"SearchAction\",\"target\":\"https:\/\/www.shopodoro.com\/?s={search_term_string}\",\"query-input\":\"required name=search_term_string\"}],\"inLanguage\":\"lt-LT\"},{\"@type\":\"ImageObject\",\"@id\":\"https:\/\/www.shopodoro.com\/lt\/produktas\/dovanu-rinkinys-no-18\/#primaryimage\",\"inLanguage\":\"lt-LT\",\"url\":\"https:\/\/www.shopodoro.com\/wp-content\/uploads\/2019\/10\/dovanu-rinkiniai-gift-set-for-her-moterims-dovanos-18.jpg\",\"width\":1080,\"height\":1350},{\"@type\":\"WebPage\",\"@id\":\"https:\/\/www.shopodoro.com\/lt\/produktas\/dovanu-rinkinys-no-18\/#webpage\",\"url\":\"https:\/\/www.shopodoro.com\/lt\/produktas\/dovanu-rinkinys-no-18\/\",\"name\":\"Dovanos d\\u0117\\u017eut\\u0117je - dovan\\u0173 rinkinys\",\"isPartOf\":{\"@id\":\"https:\/\/www.shopodoro.com\/#website\"},\"primaryImageOfPage\":{\"@id\":\"https:\/\/www.shopodoro.com\/lt\/produktas\/dovanu-rinkinys-no-18\/#primaryimage\"},\"datePublished\":\"2019-10-29T05:22:26+00:00\",\"dateModified\":\"2023-01-09T13:07:14+00:00\",\"inLanguage\":\"lt-LT\",\"potentialAction\":[{\"@type\":\"ReadAction\",\"target\":[\"https:\/\/www.shopodoro.com\/lt\/produktas\/dovanu-rinkinys-no-18\/\"]}]}]}<\/script>\n<!-- \/ Yoast SEO plugin. -->","_links":{"self":[{"href":"https:\/\/www.shopodoro.com\/lt\/wp-json\/wp\/v2\/product\/2532"}],"collection":[{"href":"https:\/\/www.shopodoro.com\/lt\/wp-json\/wp\/v2\/product"}],"about":[{"href":"https:\/\/www.shopodoro.com\/lt\/wp-json\/wp\/v2\/types\/product"}],"replies":[{"embeddable":true,"href":"https:\/\/www.shopodoro.com\/lt\/wp-json\/wp\/v2\/comments?post=2532"}],"wp:featuredmedia":[{"embeddable":true,"href":"https:\/\/www.shopodoro.com\/lt\/wp-json\/wp\/v2\/media\/2534"}],"wp:attachment":[{"href":"https:\/\/www.shopodoro.com\/lt\/wp-json\/wp\/v2\/media?parent=2532"}],"curies":[{"name":"wp","href":"https:\/\/api.w.org\/{rel}","templated":true}]}}