{"id":2553,"date":"2019-10-29T05:28:19","date_gmt":"2019-10-29T05:28:19","guid":{"rendered":"https:\/\/www.shopodoro.com\/lt\/produktas\/no-1-copy-copy-copy-copy-copy\/"},"modified":"2023-01-12T12:45:24","modified_gmt":"2023-01-12T12:45:24","slug":"dovanu-rinkinys-no-20","status":"publish","type":"product","link":"https:\/\/www.shopodoro.com\/lt\/produktas\/dovanu-rinkinys-no-20\/","title":{"rendered":"No 20"},"content":{"rendered":"","protected":false},"excerpt":{"rendered":"<p><strong>Shopodoro dovan\u0173 d\u0117\u017e\u0117s rinkin\u012f sudaro:<\/strong><br \/>\n<em>+ <\/em><em>Espresso puodeliai, 2 vnt.*<\/em><br \/>\n<em>+ <\/em><em>LED girlianda, 20 lempeli\u0173<\/em><br \/>\n<em>+ <\/em><em>Sm\u0117lio laikrodis, 5 min<\/em><br \/>\n<em>+ Kvapni \u017evak\u0117, 200 g<\/em><em><br \/>\n+ Medin\u0117 rank\u0173 darbo d\u0117\u017e\u0117<\/em><\/p>\n<p>*puodeli\u0173 pie\u0161inys\/spalva gali skirtis nuo pavaizduoto rinkinio nuotraukoje, ta\u010diau visada bus baltos, rusvos, melsvos arba juodos spalvos. \u0160iuos atspalvius galite pamatyti kitose produkto nuotraukose.<\/p>\n","protected":false},"featured_media":2555,"comment_status":"open","ping_status":"closed","template":"","meta":[],"yoast_head":"<!-- This site is optimized with the Yoast SEO plugin v15.7 - https:\/\/yoast.com\/wordpress\/plugins\/seo\/ -->\n<meta name=\"robots\" content=\"index, follow, max-snippet:-1, max-image-preview:large, max-video-preview:-1\" \/>\n<link rel=\"canonical\" href=\"https:\/\/www.shopodoro.com\/lt\/produktas\/dovanu-rinkinys-no-20\/\" \/>\n<meta property=\"og:locale\" content=\"lt_LT\" \/>\n<meta property=\"og:type\" content=\"article\" \/>\n<meta property=\"og:title\" content=\"Dovanos d\u0117\u017eut\u0117je - dovan\u0173 rinkinys\" \/>\n<meta property=\"og:description\" content=\"Shopodoro dovan\u0173 d\u0117\u017e\u0117s rinkin\u012f sudaro: + Espresso puodeliai, 2 vnt.* + LED girlianda, 20 lempeli\u0173 + Sm\u0117lio laikrodis, 5 min + Kvapni \u017evak\u0117, 200 g + Medin\u0117 rank\u0173 darbo d\u0117\u017e\u0117  *puodeli\u0173 pie\u0161inys\/spalva gali skirtis nuo pavaizduoto rinkinio nuotraukoje, ta\u010diau visada bus baltos, rusvos, melsvos arba juodos spalvos. \u0160iuos atspalvius galite pamatyti kitose produkto nuotraukose.\" \/>\n<meta property=\"og:url\" content=\"https:\/\/www.shopodoro.com\/lt\/produktas\/dovanu-rinkinys-no-20\/\" \/>\n<meta property=\"og:site_name\" content=\"SHOPODORO\" \/>\n<meta property=\"article:modified_time\" content=\"2023-01-12T12:45:24+00:00\" \/>\n<meta property=\"og:image\" content=\"https:\/\/www.shopodoro.com\/wp-content\/uploads\/2019\/10\/dovanu-rinkiniai-gift-set-for-her-moterims-dovanos-20.jpg\" \/>\n\t<meta property=\"og:image:width\" content=\"1080\" \/>\n\t<meta property=\"og:image:height\" content=\"1350\" \/>\n<meta name=\"twitter:card\" content=\"summary_large_image\" \/>\n<script type=\"application\/ld+json\" class=\"yoast-schema-graph\">{\"@context\":\"https:\/\/schema.org\",\"@graph\":[{\"@type\":\"WebSite\",\"@id\":\"https:\/\/www.shopodoro.com\/#website\",\"url\":\"https:\/\/www.shopodoro.com\/\",\"name\":\"SHOPODORO\",\"description\":\"Natural Skin Care and Accessories\",\"potentialAction\":[{\"@type\":\"SearchAction\",\"target\":\"https:\/\/www.shopodoro.com\/?s={search_term_string}\",\"query-input\":\"required name=search_term_string\"}],\"inLanguage\":\"lt-LT\"},{\"@type\":\"ImageObject\",\"@id\":\"https:\/\/www.shopodoro.com\/lt\/produktas\/dovanu-rinkinys-no-20\/#primaryimage\",\"inLanguage\":\"lt-LT\",\"url\":\"https:\/\/www.shopodoro.com\/wp-content\/uploads\/2019\/10\/dovanu-rinkiniai-gift-set-for-her-moterims-dovanos-20.jpg\",\"width\":1080,\"height\":1350},{\"@type\":\"WebPage\",\"@id\":\"https:\/\/www.shopodoro.com\/lt\/produktas\/dovanu-rinkinys-no-20\/#webpage\",\"url\":\"https:\/\/www.shopodoro.com\/lt\/produktas\/dovanu-rinkinys-no-20\/\",\"name\":\"Dovanos d\\u0117\\u017eut\\u0117je - dovan\\u0173 rinkinys\",\"isPartOf\":{\"@id\":\"https:\/\/www.shopodoro.com\/#website\"},\"primaryImageOfPage\":{\"@id\":\"https:\/\/www.shopodoro.com\/lt\/produktas\/dovanu-rinkinys-no-20\/#primaryimage\"},\"datePublished\":\"2019-10-29T05:28:19+00:00\",\"dateModified\":\"2023-01-12T12:45:24+00:00\",\"inLanguage\":\"lt-LT\",\"potentialAction\":[{\"@type\":\"ReadAction\",\"target\":[\"https:\/\/www.shopodoro.com\/lt\/produktas\/dovanu-rinkinys-no-20\/\"]}]}]}<\/script>\n<!-- \/ Yoast SEO plugin. -->","_links":{"self":[{"href":"https:\/\/www.shopodoro.com\/lt\/wp-json\/wp\/v2\/product\/2553"}],"collection":[{"href":"https:\/\/www.shopodoro.com\/lt\/wp-json\/wp\/v2\/product"}],"about":[{"href":"https:\/\/www.shopodoro.com\/lt\/wp-json\/wp\/v2\/types\/product"}],"replies":[{"embeddable":true,"href":"https:\/\/www.shopodoro.com\/lt\/wp-json\/wp\/v2\/comments?post=2553"}],"wp:featuredmedia":[{"embeddable":true,"href":"https:\/\/www.shopodoro.com\/lt\/wp-json\/wp\/v2\/media\/2555"}],"wp:attachment":[{"href":"https:\/\/www.shopodoro.com\/lt\/wp-json\/wp\/v2\/media?parent=2553"}],"curies":[{"name":"wp","href":"https:\/\/api.w.org\/{rel}","templated":true}]}}