{"id":2668,"date":"2020-08-26T10:56:42","date_gmt":"2020-08-26T10:56:42","guid":{"rendered":"https:\/\/www.shopodoro.com\/product\/hadaai-veido-aliejus\/"},"modified":"2022-11-03T20:05:21","modified_gmt":"2022-11-03T20:05:21","slug":"hadaai-veido-aliejus","status":"publish","type":"product","link":"https:\/\/www.shopodoro.com\/lt\/produktas\/hadaai-veido-aliejus\/","title":{"rendered":"Hadaai veido aliejus"},"content":{"rendered":"<p><strong>Sud\u0117tis:<\/strong>\u00a0<span class=\"st\">Argania Spinosa kernel<\/span>\u00a0oil, Hippophae Rhamnoides oil,\u00a0<span class=\"st\">Oenothera Biennis<\/span>\u00a0oil, Coffea Arabica fruit extract, Cinnamon Zeylanicum oil.<\/p>\n<p><strong>D\u0117mesio!<\/strong>\u00a0Nei\u0161sig\u0105skite tamsios oran\u017ein\u0117s aliejaus spalvos &#8211; jis puikiai susigeria \u012f j\u016bs\u0173 od\u0105. \u0160is aliejus savo sud\u0117tyje turi daug nat\u016bralaus betakaroteno, kuris suteiks j\u016bs\u0173 odai sveik\u0105 \u017evilges\u012f.<\/p>\n<p><strong>Kaip naudoti: <\/strong>Ant pir\u0161t\u0173 galiuk\u0173 paskirstykite 2-6 la\u0161us veido aliejaus ir \u0161velniai spaud\u017eiamaisiais judesiais paskirstykite ant veido odos. Rekomenduojame naudoti po dr\u0117kiklio. Taip pat galite sumai\u0161yti kelet\u0105 la\u0161\u0173 aliejaus su veido kremu delne ir paskirstyti ant veido odos.<br \/>\nVengti kontakto su \u0161viesiais audiniais, priemon\u0117 tepa.<\/p>\n","protected":false},"excerpt":{"rendered":"<p>Su d\u017eiaugsmu pristatome Hadaai veido aliej\u0173, skirt\u0105 atitolinti sen\u0117jimo procesus ir i\u0161laikyti od\u0105 kuo intensyviau sudr\u0117kint\u0105.<\/p>\n<p>100% nat\u016bral\u016bs, aktyv\u016bs ingredientai, kuri\u0173 parinkimas formul\u0117je gr\u012fstas moksliniais tyrimais.<\/p>\n<p><strong>Kiekis:<\/strong>\u00a060 ml<\/p>\n<p><em>Tyrim\u0173 rezultatai*:<\/em><br \/>\n<em>98% apklaust\u0173j\u0173<\/em><em>\u00a0suma\u017e\u0117jo veido rauk\u0161lel\u0117s (po 12 savai\u010di\u0173)\u00a0<\/em><br \/>\n<em>97% apklaust\u0173j\u0173 nurimo veido raudonis ir b\u0117rimai (po 8 savai\u010di\u0173)<br \/>\n92% apklaust\u0173j\u0173 teig\u0117, kad j\u0173 oda atrod\u0117 jaunesn\u0117 (po 8 savai\u010di\u0173)<\/em><br \/>\n<em>95% apklaust\u0173j\u0173 jaut\u0117, kad j\u0173 oda tapo lygesn\u0117 ir pager\u0117jo jos tekst\u016bra (po 8 savai\u010di\u0173)<\/em><br \/>\n<em>99 % apklaust\u0173j\u0173 pager\u0117jo apsauginio odos barjero b\u016bkl\u0117 (po 4 savai\u010di\u0173)<br \/>\n* tyrime dalyvavo 56 tiriamieji, Hadaai veido aliejus buvo naudojamas 2 kartus per dien\u0105.<\/em><\/p>\n","protected":false},"featured_media":2663,"comment_status":"open","ping_status":"closed","template":"","meta":[],"yoast_head":"<!-- This site is optimized with the Yoast SEO plugin v15.7 - https:\/\/yoast.com\/wordpress\/plugins\/seo\/ -->\n<meta name=\"robots\" content=\"index, follow, max-snippet:-1, max-image-preview:large, max-video-preview:-1\" \/>\n<link rel=\"canonical\" href=\"https:\/\/www.shopodoro.com\/produktas\/hadaai-face-oil\/\" \/>\n<meta property=\"og:locale\" content=\"lt_LT\" \/>\n<meta property=\"og:type\" content=\"article\" \/>\n<meta property=\"og:title\" content=\"Hadaai veido aliejus - SHOPODORO\" \/>\n<meta property=\"og:description\" content=\"Su d\u017eiaugsmu pristatome Hadaai veido aliej\u0173, skirt\u0105 atitolinti sen\u0117jimo procesus ir i\u0161laikyti od\u0105 kuo intensyviau sudr\u0117kint\u0105.  100% nat\u016bral\u016bs, aktyv\u016bs ingredientai, kuri\u0173 parinkimas formul\u0117je gr\u012fstas moksliniais tyrimais.  Kiekis:\u00a060 ml  Tyrim\u0173 rezultatai*: 98% apklaust\u0173j\u0173\u00a0suma\u017e\u0117jo veido rauk\u0161lel\u0117s (po 12 savai\u010di\u0173)\u00a0 97% apklaust\u0173j\u0173 nurimo veido raudonis ir b\u0117rimai (po 8 savai\u010di\u0173) 92% apklaust\u0173j\u0173 teig\u0117, kad j\u0173 oda atrod\u0117 jaunesn\u0117 (po 8 savai\u010di\u0173) 95% apklaust\u0173j\u0173 jaut\u0117, kad j\u0173 oda tapo lygesn\u0117 ir pager\u0117jo jos tekst\u016bra (po 8 savai\u010di\u0173) 99 % apklaust\u0173j\u0173 pager\u0117jo apsauginio odos barjero b\u016bkl\u0117 (po 4 savai\u010di\u0173) * tyrime dalyvavo 56 tiriamieji, Hadaai veido aliejus buvo naudojamas 2 kartus per dien\u0105.\" \/>\n<meta property=\"og:url\" content=\"https:\/\/www.shopodoro.com\/produktas\/hadaai-face-oil\/\" \/>\n<meta property=\"og:site_name\" content=\"SHOPODORO\" \/>\n<meta property=\"article:modified_time\" content=\"2022-11-03T20:05:21+00:00\" \/>\n<meta property=\"og:image\" content=\"https:\/\/www.shopodoro.com\/wp-content\/uploads\/2020\/08\/hadaai-products-faceoil.jpg\" \/>\n\t<meta property=\"og:image:width\" content=\"691\" \/>\n\t<meta property=\"og:image:height\" content=\"863\" \/>\n<meta name=\"twitter:card\" content=\"summary_large_image\" \/>\n<meta name=\"twitter:label1\" content=\"Est. reading time\">\n\t<meta name=\"twitter:data1\" content=\"1 minute\">\n<script type=\"application\/ld+json\" class=\"yoast-schema-graph\">{\"@context\":\"https:\/\/schema.org\",\"@graph\":[{\"@type\":\"WebSite\",\"@id\":\"https:\/\/www.shopodoro.com\/#website\",\"url\":\"https:\/\/www.shopodoro.com\/\",\"name\":\"SHOPODORO\",\"description\":\"Natural Skin Care and Accessories\",\"potentialAction\":[{\"@type\":\"SearchAction\",\"target\":\"https:\/\/www.shopodoro.com\/?s={search_term_string}\",\"query-input\":\"required name=search_term_string\"}],\"inLanguage\":\"lt-LT\"},{\"@type\":\"ImageObject\",\"@id\":\"https:\/\/www.shopodoro.com\/produktas\/hadaai-face-oil\/#primaryimage\",\"inLanguage\":\"lt-LT\",\"url\":\"https:\/\/www.shopodoro.com\/wp-content\/uploads\/2020\/08\/hadaai-products-faceoil.jpg\",\"width\":691,\"height\":863},{\"@type\":\"WebPage\",\"@id\":\"https:\/\/www.shopodoro.com\/produktas\/hadaai-face-oil\/#webpage\",\"url\":\"https:\/\/www.shopodoro.com\/produktas\/hadaai-face-oil\/\",\"name\":\"Hadaai veido aliejus - SHOPODORO\",\"isPartOf\":{\"@id\":\"https:\/\/www.shopodoro.com\/#website\"},\"primaryImageOfPage\":{\"@id\":\"https:\/\/www.shopodoro.com\/produktas\/hadaai-face-oil\/#primaryimage\"},\"datePublished\":\"2020-08-26T10:56:42+00:00\",\"dateModified\":\"2022-11-03T20:05:21+00:00\",\"inLanguage\":\"lt-LT\",\"potentialAction\":[{\"@type\":\"ReadAction\",\"target\":[\"https:\/\/www.shopodoro.com\/produktas\/hadaai-face-oil\/\"]}]}]}<\/script>\n<!-- \/ Yoast SEO plugin. -->","_links":{"self":[{"href":"https:\/\/www.shopodoro.com\/lt\/wp-json\/wp\/v2\/product\/2668"}],"collection":[{"href":"https:\/\/www.shopodoro.com\/lt\/wp-json\/wp\/v2\/product"}],"about":[{"href":"https:\/\/www.shopodoro.com\/lt\/wp-json\/wp\/v2\/types\/product"}],"replies":[{"embeddable":true,"href":"https:\/\/www.shopodoro.com\/lt\/wp-json\/wp\/v2\/comments?post=2668"}],"wp:featuredmedia":[{"embeddable":true,"href":"https:\/\/www.shopodoro.com\/lt\/wp-json\/wp\/v2\/media\/2663"}],"wp:attachment":[{"href":"https:\/\/www.shopodoro.com\/lt\/wp-json\/wp\/v2\/media?parent=2668"}],"curies":[{"name":"wp","href":"https:\/\/api.w.org\/{rel}","templated":true}]}}