{"id":2687,"date":"2020-09-30T13:09:14","date_gmt":"2020-09-30T13:09:14","guid":{"rendered":"https:\/\/www.shopodoro.com\/lt\/produktas\/levanda-copy-copy-copy\/"},"modified":"2022-11-07T18:52:39","modified_gmt":"2022-11-07T18:52:39","slug":"greipfrutas-vonios-burbulas","status":"publish","type":"product","link":"https:\/\/www.shopodoro.com\/lt\/produktas\/greipfrutas-vonios-burbulas\/","title":{"rendered":"Greipfrutas"},"content":{"rendered":"<div id=\"tab-description\" class=\"entry-content in fade tab-pane active\">\n<p><strong>Sud\u0117tis:<\/strong> Sodium Bicarbonate, Citric Acid, Zea Mays Starch, Maris Sal (Sea Salt), Prunus Amygdalus Dulcis (Almond) Oil, Polyoxyethylenesorbitan monooleate, Aqua, Fragrance (Parfum), CI 19140, CI16255.<\/p>\n<p><strong>Pagaminta Lietuvoje.<\/strong><\/p>\n<\/div>\n","protected":false},"excerpt":{"rendered":"<p>Praturtintas sald\u017ei\u0173j\u0173 migdol\u0173 aliejumi, kuris dr\u0117kina od\u0105, bei vitaminu E, skatinan\u010diu l\u0105steli\u0173 atsinaujinim\u0105.<\/p>\n<p><span class=\"tlid-translation translation\" lang=\"lt\"><span title=\"\">Tai puikus b\u016bdas pails\u0117ti ir pajusti malonum\u0105 po varginan\u010dios dienos. <\/span><\/span><\/p>\n<p><strong>Svoris:<\/strong> 150 g<\/p>\n","protected":false},"featured_media":2689,"comment_status":"open","ping_status":"closed","template":"","meta":[],"yoast_head":"<!-- This site is optimized with the Yoast SEO plugin v15.7 - https:\/\/yoast.com\/wordpress\/plugins\/seo\/ -->\n<meta name=\"description\" content=\"Nat\u016bralus vonios burbulas i\u0161 aliej\u0173 ir druskos kristal\u0173 - puikus b\u016bdas atsigaivinti kvapnioje vonioje!\" \/>\n<meta name=\"robots\" content=\"index, follow, max-snippet:-1, max-image-preview:large, max-video-preview:-1\" \/>\n<link rel=\"canonical\" href=\"https:\/\/www.shopodoro.com\/lt\/produktas\/greipfrutas-vonios-burbulas\/\" \/>\n<meta property=\"og:locale\" content=\"lt_LT\" \/>\n<meta property=\"og:type\" content=\"article\" \/>\n<meta property=\"og:title\" content=\"J\u016bros druskos burbulas su eteriniu aliejumi - Citrin\u017eol\u0117\" \/>\n<meta property=\"og:description\" content=\"Nat\u016bralus vonios burbulas i\u0161 aliej\u0173 ir druskos kristal\u0173 - puikus b\u016bdas atsigaivinti kvapnioje vonioje!\" \/>\n<meta property=\"og:url\" content=\"https:\/\/www.shopodoro.com\/lt\/produktas\/greipfrutas-vonios-burbulas\/\" \/>\n<meta property=\"og:site_name\" content=\"SHOPODORO\" \/>\n<meta property=\"article:modified_time\" content=\"2022-11-07T18:52:39+00:00\" \/>\n<meta property=\"og:image\" content=\"https:\/\/www.shopodoro.com\/wp-content\/uploads\/2020\/09\/greipfruktas_web_white-1.jpg\" \/>\n\t<meta property=\"og:image:width\" content=\"1048\" \/>\n\t<meta property=\"og:image:height\" content=\"1048\" \/>\n<meta name=\"twitter:card\" content=\"summary_large_image\" \/>\n<script type=\"application\/ld+json\" class=\"yoast-schema-graph\">{\"@context\":\"https:\/\/schema.org\",\"@graph\":[{\"@type\":\"WebSite\",\"@id\":\"https:\/\/www.shopodoro.com\/#website\",\"url\":\"https:\/\/www.shopodoro.com\/\",\"name\":\"SHOPODORO\",\"description\":\"Natural Skin Care and Accessories\",\"potentialAction\":[{\"@type\":\"SearchAction\",\"target\":\"https:\/\/www.shopodoro.com\/?s={search_term_string}\",\"query-input\":\"required name=search_term_string\"}],\"inLanguage\":\"lt-LT\"},{\"@type\":\"ImageObject\",\"@id\":\"https:\/\/www.shopodoro.com\/lt\/produktas\/greipfrutas-vonios-burbulas\/#primaryimage\",\"inLanguage\":\"lt-LT\",\"url\":\"https:\/\/www.shopodoro.com\/wp-content\/uploads\/2020\/09\/greipfruktas_web_white-1.jpg\",\"width\":1048,\"height\":1048},{\"@type\":\"WebPage\",\"@id\":\"https:\/\/www.shopodoro.com\/lt\/produktas\/greipfrutas-vonios-burbulas\/#webpage\",\"url\":\"https:\/\/www.shopodoro.com\/lt\/produktas\/greipfrutas-vonios-burbulas\/\",\"name\":\"J\\u016bros druskos burbulas su eteriniu aliejumi - Citrin\\u017eol\\u0117\",\"isPartOf\":{\"@id\":\"https:\/\/www.shopodoro.com\/#website\"},\"primaryImageOfPage\":{\"@id\":\"https:\/\/www.shopodoro.com\/lt\/produktas\/greipfrutas-vonios-burbulas\/#primaryimage\"},\"datePublished\":\"2020-09-30T13:09:14+00:00\",\"dateModified\":\"2022-11-07T18:52:39+00:00\",\"description\":\"Nat\\u016bralus vonios burbulas i\\u0161 aliej\\u0173 ir druskos kristal\\u0173 - puikus b\\u016bdas atsigaivinti kvapnioje vonioje!\",\"inLanguage\":\"lt-LT\",\"potentialAction\":[{\"@type\":\"ReadAction\",\"target\":[\"https:\/\/www.shopodoro.com\/lt\/produktas\/greipfrutas-vonios-burbulas\/\"]}]}]}<\/script>\n<!-- \/ Yoast SEO plugin. -->","_links":{"self":[{"href":"https:\/\/www.shopodoro.com\/lt\/wp-json\/wp\/v2\/product\/2687"}],"collection":[{"href":"https:\/\/www.shopodoro.com\/lt\/wp-json\/wp\/v2\/product"}],"about":[{"href":"https:\/\/www.shopodoro.com\/lt\/wp-json\/wp\/v2\/types\/product"}],"replies":[{"embeddable":true,"href":"https:\/\/www.shopodoro.com\/lt\/wp-json\/wp\/v2\/comments?post=2687"}],"wp:featuredmedia":[{"embeddable":true,"href":"https:\/\/www.shopodoro.com\/lt\/wp-json\/wp\/v2\/media\/2689"}],"wp:attachment":[{"href":"https:\/\/www.shopodoro.com\/lt\/wp-json\/wp\/v2\/media?parent=2687"}],"curies":[{"name":"wp","href":"https:\/\/api.w.org\/{rel}","templated":true}]}}