{"id":2711,"date":"2020-09-30T13:30:02","date_gmt":"2020-09-30T13:30:02","guid":{"rendered":"https:\/\/www.shopodoro.com\/product\/atkuriamasis-sampunas\/"},"modified":"2022-10-07T18:27:56","modified_gmt":"2022-10-07T18:27:56","slug":"atkuriamasis-sampunas","status":"publish","type":"product","link":"https:\/\/www.shopodoro.com\/lt\/produktas\/atkuriamasis-sampunas\/","title":{"rendered":"Atkuriamasis \u0161amp\u016bnas"},"content":{"rendered":"<p><strong>Kaip naudoti:<\/strong> Tepkite ant stipriai sudr\u0117kint\u0173 plauk\u0173 ir masa\u017euokite, kol suputos. Gausiai nuskalaukite plaukus po tekan\u010dio \u0161ilto vandens srove. Proced\u016br\u0105 galima pakartoti. Saugokit\u0117s, kad \u0161amp\u016bno nepatekt\u0173 \u012f akis ar burn\u0105. Patekus, gausiai praplauti vandeniu.<\/p>\n<p><strong>Sud\u0117tis:<\/strong> Sodium Cocoyl Isethionate, Sodium lauryl sulfoacetate, Disodium Cocoamphodiacetate, Behentrimonium Methosulfate (and) Cetyl Alcohol (and) Butylene Glycol, Cetearyl Alcohol, Theobroma Cacao (Cocoa) Seed Butter, Guar hydroxypropyltrimonium chloride, Cocos nucifera (Coconut) Oil, Avena sativa, Hydrolyzed Silk, Glycerin, Parfum, Benzyl alcohol, Dehydroacetic acid, aqua (Water).<br \/>\n* kv\u0117pikli\u0173 sud\u0117tyje yra: Linalool, Linalyl acetate, Citronellol, Geraniol, Coumarine<\/p>\n","protected":false},"excerpt":{"rendered":"<div class=\"woocommerce-product-details__short-description\">\n<p><strong>Praturtintas \u0161ilko proteinais ir\u00a0avi\u017e\u0173 branduoli\u0173 ekstraktu<\/strong><\/p>\n<p>Da\u017eytiems, pa\u017eeistiems plaukams<strong>.<\/strong><strong>\u00a0<\/strong>(Be paraben\u0173, SLS, su kakavos sviestu, kokos\u0173 aliejumi)<\/p>\n<p>Atkuriamasis\u00a0\u0161amp\u016bnas pavargusiems, gyvyb\u0117s netekusiems, da\u017eytiems plaukams. Veiksmingai plauna, ta\u010diau veikia \u0161velniai, nepa\u017eeisdamas ir nesausindamas plauk\u0173. \u0160amp\u016bnas praturtintas \u0161ilko proteinais, kurie intensyviai puosel\u0117ja ir apsaugo plaukus, o avi\u017e\u0173 branduoli\u0173 ekstraktas- maitina, dr\u0117kina. Plaukai tampa glotn\u016bs, lengvai \u0161ukuojami ir \u0161veln\u016bs it \u0161ilkas.<\/p>\n<\/div>\n<p><strong>Svoris:<\/strong> 70 g<\/p>\n","protected":false},"featured_media":2700,"comment_status":"open","ping_status":"closed","template":"","meta":[],"yoast_head":"<!-- This site is optimized with the Yoast SEO plugin v15.7 - https:\/\/yoast.com\/wordpress\/plugins\/seo\/ -->\n<meta name=\"robots\" content=\"index, follow, max-snippet:-1, max-image-preview:large, max-video-preview:-1\" \/>\n<link rel=\"canonical\" href=\"https:\/\/www.shopodoro.com\/lt\/produktas\/atkuriamasis-sampunas\/\" \/>\n<meta property=\"og:locale\" content=\"lt_LT\" \/>\n<meta property=\"og:type\" content=\"article\" \/>\n<meta property=\"og:title\" content=\"Atkuriamasis \u0161amp\u016bnas - SHOPODORO\" \/>\n<meta property=\"og:description\" content=\"Praturtintas \u0161ilko proteinais ir\u00a0avi\u017e\u0173 branduoli\u0173 ekstraktu  Da\u017eytiems, pa\u017eeistiems plaukams.\u00a0(Be paraben\u0173, SLS, su kakavos sviestu, kokos\u0173 aliejumi)  Atkuriamasis\u00a0\u0161amp\u016bnas pavargusiems, gyvyb\u0117s netekusiems, da\u017eytiems plaukams. Veiksmingai plauna, ta\u010diau veikia \u0161velniai, nepa\u017eeisdamas ir nesausindamas plauk\u0173. \u0160amp\u016bnas praturtintas \u0161ilko proteinais, kurie intensyviai puosel\u0117ja ir apsaugo plaukus, o avi\u017e\u0173 branduoli\u0173 ekstraktas- maitina, dr\u0117kina. Plaukai tampa glotn\u016bs, lengvai \u0161ukuojami ir \u0161veln\u016bs it \u0161ilkas.   Svoris: 70 g\" \/>\n<meta property=\"og:url\" content=\"https:\/\/www.shopodoro.com\/lt\/produktas\/atkuriamasis-sampunas\/\" \/>\n<meta property=\"og:site_name\" content=\"SHOPODORO\" \/>\n<meta property=\"article:modified_time\" content=\"2022-10-07T18:27:56+00:00\" \/>\n<meta property=\"og:image\" content=\"https:\/\/www.shopodoro.com\/wp-content\/uploads\/2020\/09\/kietas-sampunas-atkuriamasis-1.png\" \/>\n\t<meta property=\"og:image:width\" content=\"640\" \/>\n\t<meta property=\"og:image:height\" content=\"640\" \/>\n<meta name=\"twitter:card\" content=\"summary_large_image\" \/>\n<script type=\"application\/ld+json\" class=\"yoast-schema-graph\">{\"@context\":\"https:\/\/schema.org\",\"@graph\":[{\"@type\":\"WebSite\",\"@id\":\"https:\/\/www.shopodoro.com\/#website\",\"url\":\"https:\/\/www.shopodoro.com\/\",\"name\":\"SHOPODORO\",\"description\":\"Natural Skin Care and Accessories\",\"potentialAction\":[{\"@type\":\"SearchAction\",\"target\":\"https:\/\/www.shopodoro.com\/?s={search_term_string}\",\"query-input\":\"required name=search_term_string\"}],\"inLanguage\":\"lt-LT\"},{\"@type\":\"ImageObject\",\"@id\":\"https:\/\/www.shopodoro.com\/lt\/produktas\/atkuriamasis-sampunas\/#primaryimage\",\"inLanguage\":\"lt-LT\",\"url\":\"https:\/\/www.shopodoro.com\/wp-content\/uploads\/2020\/09\/kietas-sampunas-atkuriamasis-1.png\",\"width\":640,\"height\":640},{\"@type\":\"WebPage\",\"@id\":\"https:\/\/www.shopodoro.com\/lt\/produktas\/atkuriamasis-sampunas\/#webpage\",\"url\":\"https:\/\/www.shopodoro.com\/lt\/produktas\/atkuriamasis-sampunas\/\",\"name\":\"Atkuriamasis \\u0161amp\\u016bnas - SHOPODORO\",\"isPartOf\":{\"@id\":\"https:\/\/www.shopodoro.com\/#website\"},\"primaryImageOfPage\":{\"@id\":\"https:\/\/www.shopodoro.com\/lt\/produktas\/atkuriamasis-sampunas\/#primaryimage\"},\"datePublished\":\"2020-09-30T13:30:02+00:00\",\"dateModified\":\"2022-10-07T18:27:56+00:00\",\"inLanguage\":\"lt-LT\",\"potentialAction\":[{\"@type\":\"ReadAction\",\"target\":[\"https:\/\/www.shopodoro.com\/lt\/produktas\/atkuriamasis-sampunas\/\"]}]}]}<\/script>\n<!-- \/ Yoast SEO plugin. -->","_links":{"self":[{"href":"https:\/\/www.shopodoro.com\/lt\/wp-json\/wp\/v2\/product\/2711"}],"collection":[{"href":"https:\/\/www.shopodoro.com\/lt\/wp-json\/wp\/v2\/product"}],"about":[{"href":"https:\/\/www.shopodoro.com\/lt\/wp-json\/wp\/v2\/types\/product"}],"replies":[{"embeddable":true,"href":"https:\/\/www.shopodoro.com\/lt\/wp-json\/wp\/v2\/comments?post=2711"}],"wp:featuredmedia":[{"embeddable":true,"href":"https:\/\/www.shopodoro.com\/lt\/wp-json\/wp\/v2\/media\/2700"}],"wp:attachment":[{"href":"https:\/\/www.shopodoro.com\/lt\/wp-json\/wp\/v2\/media?parent=2711"}],"curies":[{"name":"wp","href":"https:\/\/api.w.org\/{rel}","templated":true}]}}