{"id":2712,"date":"2020-09-30T13:34:27","date_gmt":"2020-09-30T13:34:27","guid":{"rendered":"https:\/\/www.shopodoro.com\/product\/balansuojantis-sampunas\/"},"modified":"2025-03-10T19:23:48","modified_gmt":"2025-03-10T19:23:48","slug":"balansuojantis-sampunas","status":"publish","type":"product","link":"https:\/\/www.shopodoro.com\/lt\/produktas\/balansuojantis-sampunas\/","title":{"rendered":"Balansuojantis \u0161amp\u016bnas"},"content":{"rendered":"<p><strong>Kaip naudoti:<\/strong> Tepkite ant stipriai sudr\u0117kint\u0173 plauk\u0173 ir masa\u017euokite, kol suputos. Gausiai nuskalaukite plaukus po tekan\u010dio \u0161ilto vandens srove. Proced\u016br\u0105 galima pakartoti. Saugokit\u0117s, kad \u0161amp\u016bno nepatekt\u0173 \u012f akis ar burn\u0105. Patekus, gausiai praplauti vandeniu.<\/p>\n<p><strong>Sud\u0117tis:<\/strong> Sodium Cocoyl Isethionate, Sodium lauryl sulfoacetate, Maroccan lava clay, Disodium Cocoamphodiacetate, Behentrimonium Methosulfate (and) Cetyl Alcohol (and) Butylene Glycol, Cetearyl Alcohol, Theobroma Cacao (Cocoa) Seed Butter, Guar hydroxypropyltrimonium chloride, Cocos nucifera (Coconut) Oil, Glycerin, Panthenol, Parfum, Benzyl alcohol, Dehydroacetic acid, aqua (Water). * kv\u0117pikli\u0173 sud\u0117tyje yra: Linalool, Linalyl acetate, Citronellol, Geraniol, Coumarine<\/p>\n","protected":false},"excerpt":{"rendered":"<div class=\"woocommerce-product-details__short-description\">\n<p><strong>Praturtintas Gasulo moliu ir provitaminu B5<\/strong><\/p>\n<p>Itin tinka riebiems, nepaklusniems plaukams. (be paraben\u0173, SLS, su kakavos sviestu, kokos\u0173 aliejumi)<\/p>\n<p>\u0160is \u0161amp\u016bnas puikiai tinka da\u017enai besiriebaluojantiems, nepaklusniems, apsunkusiems plaukams. Intensyviai balansuoja, atsato\u00a0riebal\u0173 pusiausvyr\u0105 ir kondicionuoja, tod\u0117l plaukai tampa \u0161velnesni ir glotnesni. Ypatingai plaukus puosel\u0117jantis provitaminas B5 \u2013 gausiai dr\u0117kina, mink\u0161tina plaukus bei suteikia jiems spindesio. Sud\u0117tyje esantis Gasulo molis- gausiai mineralizuoja plaukus ir \u0161velniai sugeria riebal\u0173 pertekli\u0173.<\/p>\n<p><strong>Svoris:<\/strong> 70 g<\/p>\n<\/div>\n","protected":false},"featured_media":2707,"comment_status":"open","ping_status":"closed","template":"","meta":[],"yoast_head":"<!-- This site is optimized with the Yoast SEO plugin v15.7 - https:\/\/yoast.com\/wordpress\/plugins\/seo\/ -->\n<meta name=\"robots\" content=\"index, follow, max-snippet:-1, max-image-preview:large, max-video-preview:-1\" \/>\n<link rel=\"canonical\" href=\"https:\/\/www.shopodoro.com\/lt\/produktas\/balansuojantis-sampunas\/\" \/>\n<meta property=\"og:locale\" content=\"lt_LT\" \/>\n<meta property=\"og:type\" content=\"article\" \/>\n<meta property=\"og:title\" content=\"Balansuojantis \u0161amp\u016bnas - SHOPODORO\" \/>\n<meta property=\"og:description\" content=\"Praturtintas Gasulo moliu ir provitaminu B5  Itin tinka riebiems, nepaklusniems plaukams. (be paraben\u0173, SLS, su kakavos sviestu, kokos\u0173 aliejumi)  \u0160is \u0161amp\u016bnas puikiai tinka da\u017enai besiriebaluojantiems, nepaklusniems, apsunkusiems plaukams. Intensyviai balansuoja, atsato\u00a0riebal\u0173 pusiausvyr\u0105 ir kondicionuoja, tod\u0117l plaukai tampa \u0161velnesni ir glotnesni. Ypatingai plaukus puosel\u0117jantis provitaminas B5 \u2013 gausiai dr\u0117kina, mink\u0161tina plaukus bei suteikia jiems spindesio. Sud\u0117tyje esantis Gasulo molis- gausiai mineralizuoja plaukus ir \u0161velniai sugeria riebal\u0173 pertekli\u0173.  Svoris: 70 g\" \/>\n<meta property=\"og:url\" content=\"https:\/\/www.shopodoro.com\/lt\/produktas\/balansuojantis-sampunas\/\" \/>\n<meta property=\"og:site_name\" content=\"SHOPODORO\" \/>\n<meta property=\"article:modified_time\" content=\"2025-03-10T19:23:48+00:00\" \/>\n<meta property=\"og:image\" content=\"https:\/\/www.shopodoro.com\/wp-content\/uploads\/2020\/09\/kietas-sampunas-balansuojamasis-1.png\" \/>\n\t<meta property=\"og:image:width\" content=\"640\" \/>\n\t<meta property=\"og:image:height\" content=\"640\" \/>\n<meta name=\"twitter:card\" content=\"summary_large_image\" \/>\n<script type=\"application\/ld+json\" class=\"yoast-schema-graph\">{\"@context\":\"https:\/\/schema.org\",\"@graph\":[{\"@type\":\"WebSite\",\"@id\":\"https:\/\/www.shopodoro.com\/#website\",\"url\":\"https:\/\/www.shopodoro.com\/\",\"name\":\"SHOPODORO\",\"description\":\"Natural Skin Care and Accessories\",\"potentialAction\":[{\"@type\":\"SearchAction\",\"target\":\"https:\/\/www.shopodoro.com\/?s={search_term_string}\",\"query-input\":\"required name=search_term_string\"}],\"inLanguage\":\"lt-LT\"},{\"@type\":\"ImageObject\",\"@id\":\"https:\/\/www.shopodoro.com\/lt\/produktas\/balansuojantis-sampunas\/#primaryimage\",\"inLanguage\":\"lt-LT\",\"url\":\"https:\/\/www.shopodoro.com\/wp-content\/uploads\/2020\/09\/kietas-sampunas-balansuojamasis-1.png\",\"width\":640,\"height\":640},{\"@type\":\"WebPage\",\"@id\":\"https:\/\/www.shopodoro.com\/lt\/produktas\/balansuojantis-sampunas\/#webpage\",\"url\":\"https:\/\/www.shopodoro.com\/lt\/produktas\/balansuojantis-sampunas\/\",\"name\":\"Balansuojantis \\u0161amp\\u016bnas - SHOPODORO\",\"isPartOf\":{\"@id\":\"https:\/\/www.shopodoro.com\/#website\"},\"primaryImageOfPage\":{\"@id\":\"https:\/\/www.shopodoro.com\/lt\/produktas\/balansuojantis-sampunas\/#primaryimage\"},\"datePublished\":\"2020-09-30T13:34:27+00:00\",\"dateModified\":\"2025-03-10T19:23:48+00:00\",\"inLanguage\":\"lt-LT\",\"potentialAction\":[{\"@type\":\"ReadAction\",\"target\":[\"https:\/\/www.shopodoro.com\/lt\/produktas\/balansuojantis-sampunas\/\"]}]}]}<\/script>\n<!-- \/ Yoast SEO plugin. -->","_links":{"self":[{"href":"https:\/\/www.shopodoro.com\/lt\/wp-json\/wp\/v2\/product\/2712"}],"collection":[{"href":"https:\/\/www.shopodoro.com\/lt\/wp-json\/wp\/v2\/product"}],"about":[{"href":"https:\/\/www.shopodoro.com\/lt\/wp-json\/wp\/v2\/types\/product"}],"replies":[{"embeddable":true,"href":"https:\/\/www.shopodoro.com\/lt\/wp-json\/wp\/v2\/comments?post=2712"}],"wp:featuredmedia":[{"embeddable":true,"href":"https:\/\/www.shopodoro.com\/lt\/wp-json\/wp\/v2\/media\/2707"}],"wp:attachment":[{"href":"https:\/\/www.shopodoro.com\/lt\/wp-json\/wp\/v2\/media?parent=2712"}],"curies":[{"name":"wp","href":"https:\/\/api.w.org\/{rel}","templated":true}]}}