{"id":2713,"date":"2020-09-30T13:39:23","date_gmt":"2020-09-30T13:39:23","guid":{"rendered":"https:\/\/www.shopodoro.com\/product\/drekinamasis-sampunas\/"},"modified":"2022-11-15T23:41:32","modified_gmt":"2022-11-15T23:41:32","slug":"drekinamasis-sampunas","status":"publish","type":"product","link":"https:\/\/www.shopodoro.com\/lt\/produktas\/drekinamasis-sampunas\/","title":{"rendered":"Dr\u0117kinamasis \u0161amp\u016bnas"},"content":{"rendered":"<p><strong>Kaip naudoti:<\/strong> Tepkite ant stipriai sudr\u0117kint\u0173 plauk\u0173 ir masa\u017euokite, kol suputos. Gausiai nuskalaukite plaukus po tekan\u010dio \u0161ilto vandens srove. Proced\u016br\u0105 galima pakartoti. Saugokit\u0117s, kad \u0161amp\u016bno nepatekt\u0173 \u012f akis ar burn\u0105. Patekus, gausiai praplauti vandeniu.<\/p>\n<p><strong>Sud\u0117tis:<\/strong> Sodium Cocoyl Isethionate, Sodium lauryl sulfoacetate, Disodium Cocoamphodiacetate, Behentrimonium Methosulfate (and) Cetyl Alcohol (and) Butylene Glycol, Cetearyl Alcohol, Theobroma Cacao (Cocoa) Seed Butter, Guar hydroxypropyltrimonium chloride, Simmondsia Chinensis (Jojoba) Seed Oil, Ricinus communis seed oil (virgin), Vegetable carcol, Glycerin, Parfum, Benzyl alcohol, Dehydroacetic acid, aqua (Water). * kv\u0117pikli\u0173 sud\u0117tyje yra: Linalool, Linalyl acetate, Citronellol, Geraniol, Coumarine<\/p>\n","protected":false},"excerpt":{"rendered":"<div class=\"woocommerce-product-details__short-description\">\n<p><strong>Praturtintas simondsij\u0173 ir ricinos aliejais bei aktyviaj\u0105 anglimi.<\/strong><\/p>\n<p>Tinka vis\u0173 tip\u0173 plaukams. (Be paraben\u0173, SLS, su kakavos sviestu, kokos\u0173 aliejumi.)<\/p>\n<p>Dr\u0117kinamasis \u0161amp\u016bnas skirtas vis\u0173 tip\u0173 plaukams. Sud\u0117tyje esantys vertingieji simondsij\u0173 ir ricinos aliejai\u00a0intensyviai\u00a0dr\u0117kina ir maitina plaukus, apsaugo plaukus nuo \u017ealingo aplinkos poveikio ir dr\u0117gm\u0117s netekimo, suteikia jiems ilgai i\u0161liekan\u010dio \u0161velnumo, mink\u0161tumo ir nat\u016bralaus\u00a0spindesio. Aktyvuotoji anglis- panaikins riebal\u0173 sukelt\u0105 blizg\u0117jim\u0105 ir prat\u0119s \u0161vari\u0173 plauk\u0173 efekt\u0105.<\/p>\n<\/div>\n<p><strong>Svoris:<\/strong> 70 g<\/p>\n","protected":false},"featured_media":2705,"comment_status":"open","ping_status":"closed","template":"","meta":[],"yoast_head":"<!-- This site is optimized with the Yoast SEO plugin v15.7 - https:\/\/yoast.com\/wordpress\/plugins\/seo\/ -->\n<meta name=\"robots\" content=\"index, follow, max-snippet:-1, max-image-preview:large, max-video-preview:-1\" \/>\n<link rel=\"canonical\" href=\"https:\/\/www.shopodoro.com\/lt\/produktas\/drekinamasis-sampunas\/\" \/>\n<meta property=\"og:locale\" content=\"lt_LT\" \/>\n<meta property=\"og:type\" content=\"article\" \/>\n<meta property=\"og:title\" content=\"Dr\u0117kinamasis \u0161amp\u016bnas - SHOPODORO\" \/>\n<meta property=\"og:description\" content=\"Praturtintas simondsij\u0173 ir ricinos aliejais bei aktyviaj\u0105 anglimi.  Tinka vis\u0173 tip\u0173 plaukams. (Be paraben\u0173, SLS, su kakavos sviestu, kokos\u0173 aliejumi.)  Dr\u0117kinamasis \u0161amp\u016bnas skirtas vis\u0173 tip\u0173 plaukams. Sud\u0117tyje esantys vertingieji simondsij\u0173 ir ricinos aliejai\u00a0intensyviai\u00a0dr\u0117kina ir maitina plaukus, apsaugo plaukus nuo \u017ealingo aplinkos poveikio ir dr\u0117gm\u0117s netekimo, suteikia jiems ilgai i\u0161liekan\u010dio \u0161velnumo, mink\u0161tumo ir nat\u016bralaus\u00a0spindesio. Aktyvuotoji anglis- panaikins riebal\u0173 sukelt\u0105 blizg\u0117jim\u0105 ir prat\u0119s \u0161vari\u0173 plauk\u0173 efekt\u0105.   Svoris: 70 g\" \/>\n<meta property=\"og:url\" content=\"https:\/\/www.shopodoro.com\/lt\/produktas\/drekinamasis-sampunas\/\" \/>\n<meta property=\"og:site_name\" content=\"SHOPODORO\" \/>\n<meta property=\"article:modified_time\" content=\"2022-11-15T23:41:32+00:00\" \/>\n<meta property=\"og:image\" content=\"https:\/\/www.shopodoro.com\/wp-content\/uploads\/2020\/09\/kietas-sampunas-drekinamasis.png\" \/>\n\t<meta property=\"og:image:width\" content=\"640\" \/>\n\t<meta property=\"og:image:height\" content=\"640\" \/>\n<meta name=\"twitter:card\" content=\"summary_large_image\" \/>\n<script type=\"application\/ld+json\" class=\"yoast-schema-graph\">{\"@context\":\"https:\/\/schema.org\",\"@graph\":[{\"@type\":\"WebSite\",\"@id\":\"https:\/\/www.shopodoro.com\/#website\",\"url\":\"https:\/\/www.shopodoro.com\/\",\"name\":\"SHOPODORO\",\"description\":\"Natural Skin Care and Accessories\",\"potentialAction\":[{\"@type\":\"SearchAction\",\"target\":\"https:\/\/www.shopodoro.com\/?s={search_term_string}\",\"query-input\":\"required name=search_term_string\"}],\"inLanguage\":\"lt-LT\"},{\"@type\":\"ImageObject\",\"@id\":\"https:\/\/www.shopodoro.com\/lt\/produktas\/drekinamasis-sampunas\/#primaryimage\",\"inLanguage\":\"lt-LT\",\"url\":\"https:\/\/www.shopodoro.com\/wp-content\/uploads\/2020\/09\/kietas-sampunas-drekinamasis.png\",\"width\":640,\"height\":640},{\"@type\":\"WebPage\",\"@id\":\"https:\/\/www.shopodoro.com\/lt\/produktas\/drekinamasis-sampunas\/#webpage\",\"url\":\"https:\/\/www.shopodoro.com\/lt\/produktas\/drekinamasis-sampunas\/\",\"name\":\"Dr\\u0117kinamasis \\u0161amp\\u016bnas - SHOPODORO\",\"isPartOf\":{\"@id\":\"https:\/\/www.shopodoro.com\/#website\"},\"primaryImageOfPage\":{\"@id\":\"https:\/\/www.shopodoro.com\/lt\/produktas\/drekinamasis-sampunas\/#primaryimage\"},\"datePublished\":\"2020-09-30T13:39:23+00:00\",\"dateModified\":\"2022-11-15T23:41:32+00:00\",\"inLanguage\":\"lt-LT\",\"potentialAction\":[{\"@type\":\"ReadAction\",\"target\":[\"https:\/\/www.shopodoro.com\/lt\/produktas\/drekinamasis-sampunas\/\"]}]}]}<\/script>\n<!-- \/ Yoast SEO plugin. -->","_links":{"self":[{"href":"https:\/\/www.shopodoro.com\/lt\/wp-json\/wp\/v2\/product\/2713"}],"collection":[{"href":"https:\/\/www.shopodoro.com\/lt\/wp-json\/wp\/v2\/product"}],"about":[{"href":"https:\/\/www.shopodoro.com\/lt\/wp-json\/wp\/v2\/types\/product"}],"replies":[{"embeddable":true,"href":"https:\/\/www.shopodoro.com\/lt\/wp-json\/wp\/v2\/comments?post=2713"}],"wp:featuredmedia":[{"embeddable":true,"href":"https:\/\/www.shopodoro.com\/lt\/wp-json\/wp\/v2\/media\/2705"}],"wp:attachment":[{"href":"https:\/\/www.shopodoro.com\/lt\/wp-json\/wp\/v2\/media?parent=2713"}],"curies":[{"name":"wp","href":"https:\/\/api.w.org\/{rel}","templated":true}]}}