{"id":2714,"date":"2020-09-30T13:43:04","date_gmt":"2020-09-30T13:43:04","guid":{"rendered":"https:\/\/www.shopodoro.com\/product\/maitinamasis-sampunas\/"},"modified":"2022-06-13T05:34:33","modified_gmt":"2022-06-13T05:34:33","slug":"maitinamasis-sampunas","status":"publish","type":"product","link":"https:\/\/www.shopodoro.com\/lt\/produktas\/maitinamasis-sampunas\/","title":{"rendered":"Maitinamasis \u0161amp\u016bnas"},"content":{"rendered":"<p><strong>Kaip naudoti:<\/strong> Tepkite ant stipriai sudr\u0117kint\u0173 plauk\u0173 ir masa\u017euokite, kol suputos. Gausiai nuskalaukite plaukus po tekan\u010dio \u0161ilto vandens srove. Proced\u016br\u0105 galima pakartoti. Saugokit\u0117s, kad \u0161amp\u016bno nepatekt\u0173 \u012f akis ar burn\u0105. Patekus, gausiai praplauti vandeniu.<\/p>\n<p><strong>Sud\u0117tis:<\/strong> Sodium Cocoyl Isethionate, Sodium lauryl sulfoacetate, Disodium Cocoamphodiacetate, Behentrimonium Methosulfate (and) Cetyl Alcohol (and) Butylene Glycol, Cetearyl Alcohol, Theobroma Cacao (Cocoa) Seed Butter, Guar hydroxypropyltrimonium chloride, Macadamia Ternifolia Seed Oil, Cannabis sativa Seed oil, Glycerin, Parfum, Benzyl alcohol, Dehydroacetic acid, aqua (Water).<br \/>\n* kv\u0117pikli\u0173 sud\u0117tyje yra: Linalool, Linalyl acetate, Citronellol, Geraniol, Coumarine.<\/p>\n","protected":false},"excerpt":{"rendered":"<div class=\"woocommerce-product-details__short-description\">\n<div class=\"woocommerce-product-details__short-description\">\n<p><strong>Praturtintas makadamij\u0173 ir kanapi\u0173 s\u0117kl\u0173 aliejais.<\/strong><\/p>\n<p>Itin tinka sausiems, \u0161iurk\u0161tiems plaukams. (Be paraben\u0173, SLS, su kakavos sviestu, kokos\u0173 aliejumi.)<\/p>\n<p>Maitinamasis \u0161amp\u016bnas ypa\u010d tinka sausiems, \u0161iurk\u0161tiems ir veltis linkusiems plaukams.\u00a0Plauk\u0173 b\u016bkl\u0119 puosel\u0117ja vertingieji makadamij\u0173 rie\u0161ut\u0173 ir er\u0161k\u0117tuogi\u0173 aliejai, kurie maitina, mink\u0161tina plaukus, veikia kaip antioksidantai, neleid\u017eia prarasti dr\u0117gm\u0117s. Plaukai tampa paklusnesni, sveikesni, pamaitinti ir lengviau formuojami.<\/p>\n<\/div>\n<\/div>\n<p><strong>Svoris:<\/strong> 70 g<\/p>\n","protected":false},"featured_media":2710,"comment_status":"open","ping_status":"closed","template":"","meta":[],"yoast_head":"<!-- This site is optimized with the Yoast SEO plugin v15.7 - https:\/\/yoast.com\/wordpress\/plugins\/seo\/ -->\n<meta name=\"robots\" content=\"index, follow, max-snippet:-1, max-image-preview:large, max-video-preview:-1\" \/>\n<link rel=\"canonical\" href=\"https:\/\/www.shopodoro.com\/lt\/produktas\/maitinamasis-sampunas\/\" \/>\n<meta property=\"og:locale\" content=\"lt_LT\" \/>\n<meta property=\"og:type\" content=\"article\" \/>\n<meta property=\"og:title\" content=\"Maitinamasis \u0161amp\u016bnas - SHOPODORO\" \/>\n<meta property=\"og:description\" content=\"Praturtintas makadamij\u0173 ir kanapi\u0173 s\u0117kl\u0173 aliejais.  Itin tinka sausiems, \u0161iurk\u0161tiems plaukams. (Be paraben\u0173, SLS, su kakavos sviestu, kokos\u0173 aliejumi.)  Maitinamasis \u0161amp\u016bnas ypa\u010d tinka sausiems, \u0161iurk\u0161tiems ir veltis linkusiems plaukams.\u00a0Plauk\u0173 b\u016bkl\u0119 puosel\u0117ja vertingieji makadamij\u0173 rie\u0161ut\u0173 ir er\u0161k\u0117tuogi\u0173 aliejai, kurie maitina, mink\u0161tina plaukus, veikia kaip antioksidantai, neleid\u017eia prarasti dr\u0117gm\u0117s. Plaukai tampa paklusnesni, sveikesni, pamaitinti ir lengviau formuojami.    Svoris: 70 g\" \/>\n<meta property=\"og:url\" content=\"https:\/\/www.shopodoro.com\/lt\/produktas\/maitinamasis-sampunas\/\" \/>\n<meta property=\"og:site_name\" content=\"SHOPODORO\" \/>\n<meta property=\"article:modified_time\" content=\"2022-06-13T05:34:33+00:00\" \/>\n<meta property=\"og:image\" content=\"https:\/\/www.shopodoro.com\/wp-content\/uploads\/2020\/09\/kietas-sampunas-maitinamasis.png\" \/>\n\t<meta property=\"og:image:width\" content=\"640\" \/>\n\t<meta property=\"og:image:height\" content=\"640\" \/>\n<meta name=\"twitter:card\" content=\"summary_large_image\" \/>\n<script type=\"application\/ld+json\" class=\"yoast-schema-graph\">{\"@context\":\"https:\/\/schema.org\",\"@graph\":[{\"@type\":\"WebSite\",\"@id\":\"https:\/\/www.shopodoro.com\/#website\",\"url\":\"https:\/\/www.shopodoro.com\/\",\"name\":\"SHOPODORO\",\"description\":\"Natural Skin Care and Accessories\",\"potentialAction\":[{\"@type\":\"SearchAction\",\"target\":\"https:\/\/www.shopodoro.com\/?s={search_term_string}\",\"query-input\":\"required name=search_term_string\"}],\"inLanguage\":\"lt-LT\"},{\"@type\":\"ImageObject\",\"@id\":\"https:\/\/www.shopodoro.com\/lt\/produktas\/maitinamasis-sampunas\/#primaryimage\",\"inLanguage\":\"lt-LT\",\"url\":\"https:\/\/www.shopodoro.com\/wp-content\/uploads\/2020\/09\/kietas-sampunas-maitinamasis.png\",\"width\":640,\"height\":640},{\"@type\":\"WebPage\",\"@id\":\"https:\/\/www.shopodoro.com\/lt\/produktas\/maitinamasis-sampunas\/#webpage\",\"url\":\"https:\/\/www.shopodoro.com\/lt\/produktas\/maitinamasis-sampunas\/\",\"name\":\"Maitinamasis \\u0161amp\\u016bnas - SHOPODORO\",\"isPartOf\":{\"@id\":\"https:\/\/www.shopodoro.com\/#website\"},\"primaryImageOfPage\":{\"@id\":\"https:\/\/www.shopodoro.com\/lt\/produktas\/maitinamasis-sampunas\/#primaryimage\"},\"datePublished\":\"2020-09-30T13:43:04+00:00\",\"dateModified\":\"2022-06-13T05:34:33+00:00\",\"inLanguage\":\"lt-LT\",\"potentialAction\":[{\"@type\":\"ReadAction\",\"target\":[\"https:\/\/www.shopodoro.com\/lt\/produktas\/maitinamasis-sampunas\/\"]}]}]}<\/script>\n<!-- \/ Yoast SEO plugin. -->","_links":{"self":[{"href":"https:\/\/www.shopodoro.com\/lt\/wp-json\/wp\/v2\/product\/2714"}],"collection":[{"href":"https:\/\/www.shopodoro.com\/lt\/wp-json\/wp\/v2\/product"}],"about":[{"href":"https:\/\/www.shopodoro.com\/lt\/wp-json\/wp\/v2\/types\/product"}],"replies":[{"embeddable":true,"href":"https:\/\/www.shopodoro.com\/lt\/wp-json\/wp\/v2\/comments?post=2714"}],"wp:featuredmedia":[{"embeddable":true,"href":"https:\/\/www.shopodoro.com\/lt\/wp-json\/wp\/v2\/media\/2710"}],"wp:attachment":[{"href":"https:\/\/www.shopodoro.com\/lt\/wp-json\/wp\/v2\/media?parent=2714"}],"curies":[{"name":"wp","href":"https:\/\/api.w.org\/{rel}","templated":true}]}}