{"id":2727,"date":"2020-09-30T17:16:39","date_gmt":"2020-09-30T17:16:39","guid":{"rendered":"https:\/\/www.shopodoro.com\/product\/hadaai-lupu-balzamas\/"},"modified":"2024-07-09T18:56:38","modified_gmt":"2024-07-09T18:56:38","slug":"hadaai-lupu-balzamas","status":"publish","type":"product","link":"https:\/\/www.shopodoro.com\/lt\/produktas\/hadaai-lupu-balzamas\/","title":{"rendered":"Hadaai l\u016bp\u0173 balzamas"},"content":{"rendered":"<p><strong>Kaip naudoti:<\/strong> Tepkite ant \u0161vari\u0173 l\u016bp\u0173.<\/p>\n<p><strong>Sud\u0117tis:<\/strong>\u00a0Vitis Vinifera oil, Cocos Nucifera oil, Cera Alba, Hippophae Rhamnoides oil, Citrus Sinensis oil.<\/p>\n","protected":false},"excerpt":{"rendered":"<p>Itin naturalus l\u016bp\u0173 balzamas su \u0161velnia tekst\u016bra sumink\u0161tins, pamaitins ir apsaugos j\u016bs\u0173 l\u016bpas.<\/p>\n<p><strong>Vynuogi\u0173 kauliuk\u0173 aliejus<\/strong> dr\u0117kina, \u0161viesina, lygina od\u0105, ma\u017eina randelius. Pasi\u017eymi stipriomis antioksidacin\u0117mis savyb\u0117mis.<\/p>\n<p><strong>Kokoso aliejus<\/strong> stabdo laisvuosius radikalus, suma\u017eina sausum\u0105, per\u0161t\u0117jim\u0105, maitina ir \u0161velnina l\u016bp\u0173 od\u0105.<\/p>\n<p><strong>\u0160altalanki\u0173 aliejus<\/strong> nat\u016braliai gausus vitaminais C ir A. Praturtina retomis Omega 7 riebal\u0173 r\u016bg\u0161timis.<\/p>\n<p><strong>Bi\u010di\u0173 va\u0161kas <\/strong>veikia prie\u0161u\u017edegimi\u0161kai, antibakteri\u0161kai, suteikia apsaug\u0105 ir mink\u0161tina od\u0105.<\/p>\n<p><strong>Kiekis:<\/strong> 20 ml<\/p>\n","protected":false},"featured_media":2724,"comment_status":"open","ping_status":"closed","template":"","meta":[],"yoast_head":"<!-- This site is optimized with the Yoast SEO plugin v15.7 - https:\/\/yoast.com\/wordpress\/plugins\/seo\/ -->\n<meta name=\"robots\" content=\"index, follow, max-snippet:-1, max-image-preview:large, max-video-preview:-1\" \/>\n<link rel=\"canonical\" href=\"https:\/\/www.shopodoro.com\/produktas\/hadaai-lip-balm\/\" \/>\n<meta property=\"og:locale\" content=\"lt_LT\" \/>\n<meta property=\"og:type\" content=\"article\" \/>\n<meta property=\"og:title\" content=\"Hadaai l\u016bp\u0173 balzamas - SHOPODORO\" \/>\n<meta property=\"og:description\" content=\"Itin naturalus l\u016bp\u0173 balzamas su \u0161velnia tekst\u016bra sumink\u0161tins, pamaitins ir apsaugos j\u016bs\u0173 l\u016bpas.  Vynuogi\u0173 kauliuk\u0173 aliejus dr\u0117kina, \u0161viesina, lygina od\u0105, ma\u017eina randelius. Pasi\u017eymi stipriomis antioksidacin\u0117mis savyb\u0117mis.  Kokoso aliejus stabdo laisvuosius radikalus, suma\u017eina sausum\u0105, per\u0161t\u0117jim\u0105, maitina ir \u0161velnina l\u016bp\u0173 od\u0105.  \u0160altalanki\u0173 aliejus nat\u016braliai gausus vitaminais C ir A. Praturtina retomis Omega 7 riebal\u0173 r\u016bg\u0161timis.  Bi\u010di\u0173 va\u0161kas veikia prie\u0161u\u017edegimi\u0161kai, antibakteri\u0161kai, suteikia apsaug\u0105 ir mink\u0161tina od\u0105.  Kiekis: 20 ml\" \/>\n<meta property=\"og:url\" content=\"https:\/\/www.shopodoro.com\/produktas\/hadaai-lip-balm\/\" \/>\n<meta property=\"og:site_name\" content=\"SHOPODORO\" \/>\n<meta property=\"article:modified_time\" content=\"2024-07-09T18:56:38+00:00\" \/>\n<meta property=\"og:image\" content=\"https:\/\/www.shopodoro.com\/wp-content\/uploads\/2020\/09\/hadaai-products-lip-balm-4.jpg\" \/>\n\t<meta property=\"og:image:width\" content=\"550\" \/>\n\t<meta property=\"og:image:height\" content=\"688\" \/>\n<meta name=\"twitter:card\" content=\"summary_large_image\" \/>\n<script type=\"application\/ld+json\" class=\"yoast-schema-graph\">{\"@context\":\"https:\/\/schema.org\",\"@graph\":[{\"@type\":\"WebSite\",\"@id\":\"https:\/\/www.shopodoro.com\/#website\",\"url\":\"https:\/\/www.shopodoro.com\/\",\"name\":\"SHOPODORO\",\"description\":\"Natural Skin Care and Accessories\",\"potentialAction\":[{\"@type\":\"SearchAction\",\"target\":\"https:\/\/www.shopodoro.com\/?s={search_term_string}\",\"query-input\":\"required name=search_term_string\"}],\"inLanguage\":\"lt-LT\"},{\"@type\":\"ImageObject\",\"@id\":\"https:\/\/www.shopodoro.com\/produktas\/hadaai-lip-balm\/#primaryimage\",\"inLanguage\":\"lt-LT\",\"url\":\"https:\/\/www.shopodoro.com\/wp-content\/uploads\/2020\/09\/hadaai-products-lip-balm-4.jpg\",\"width\":550,\"height\":688},{\"@type\":\"WebPage\",\"@id\":\"https:\/\/www.shopodoro.com\/produktas\/hadaai-lip-balm\/#webpage\",\"url\":\"https:\/\/www.shopodoro.com\/produktas\/hadaai-lip-balm\/\",\"name\":\"Hadaai l\\u016bp\\u0173 balzamas - SHOPODORO\",\"isPartOf\":{\"@id\":\"https:\/\/www.shopodoro.com\/#website\"},\"primaryImageOfPage\":{\"@id\":\"https:\/\/www.shopodoro.com\/produktas\/hadaai-lip-balm\/#primaryimage\"},\"datePublished\":\"2020-09-30T17:16:39+00:00\",\"dateModified\":\"2024-07-09T18:56:38+00:00\",\"inLanguage\":\"lt-LT\",\"potentialAction\":[{\"@type\":\"ReadAction\",\"target\":[\"https:\/\/www.shopodoro.com\/produktas\/hadaai-lip-balm\/\"]}]}]}<\/script>\n<!-- \/ Yoast SEO plugin. -->","_links":{"self":[{"href":"https:\/\/www.shopodoro.com\/lt\/wp-json\/wp\/v2\/product\/2727"}],"collection":[{"href":"https:\/\/www.shopodoro.com\/lt\/wp-json\/wp\/v2\/product"}],"about":[{"href":"https:\/\/www.shopodoro.com\/lt\/wp-json\/wp\/v2\/types\/product"}],"replies":[{"embeddable":true,"href":"https:\/\/www.shopodoro.com\/lt\/wp-json\/wp\/v2\/comments?post=2727"}],"wp:featuredmedia":[{"embeddable":true,"href":"https:\/\/www.shopodoro.com\/lt\/wp-json\/wp\/v2\/media\/2724"}],"wp:attachment":[{"href":"https:\/\/www.shopodoro.com\/lt\/wp-json\/wp\/v2\/media?parent=2727"}],"curies":[{"name":"wp","href":"https:\/\/api.w.org\/{rel}","templated":true}]}}